{"id":672,"date":"2020-10-02T16:56:05","date_gmt":"2020-10-02T16:56:05","guid":{"rendered":"https:\/\/cranky-neumann.212-227-159-6.plesk.page\/?page_id=672"},"modified":"2024-01-24T21:10:04","modified_gmt":"2024-01-24T21:10:04","slug":"perfumes-para-clinicas","status":"publish","type":"page","link":"https:\/\/aromafy.es\/?page_id=672","title":{"rendered":"Perfumes para cl\u00ednicas"},"content":{"rendered":"<p>[et_pb_section fb_built=\u00bb1&#8243; custom_padding_last_edited=\u00bbon|phone\u00bb admin_label=\u00bbHero Section\u00bb _builder_version=\u00bb4.16&#8243; use_background_color_gradient=\u00bbon\u00bb background_color_gradient_direction=\u00bb120deg\u00bb background_color_gradient_stops=\u00bbrgba(0,0,0,0) 0%|rgba(0,0,0,0) 100%\u00bb background_color_gradient_overlays_image=\u00bbon\u00bb background_color_gradient_start=\u00bbrgba(0,0,0,0)\u00bb background_color_gradient_end=\u00bbrgba(0,0,0,0)\u00bb background_image=\u00bbhttps:\/\/cranky-neumann.212-227-159-6.plesk.page\/wp-content\/uploads\/2020\/10\/shutterstock_653662468-scaled.jpg\u00bb background_position=\u00bbbottom_center\u00bb background_enable_video_mp4=\u00bboff\u00bb custom_margin_tablet=\u00bb\u00bb custom_margin_phone=\u00bb||90px||false|false\u00bb custom_margin_last_edited=\u00bbon|phone\u00bb custom_padding=\u00bb10%||24.5%|||\u00bb custom_padding_tablet=\u00bb\u00bb custom_padding_phone=\u00bb50%||0%||false|false\u00bb global_colors_info=\u00bb{}\u00bb][\/et_pb_section][et_pb_section fb_built=\u00bb1&#8243; admin_label=\u00bbAbout Section\u00bb _builder_version=\u00bb4.16&#8243; custom_margin=\u00bb-87px||-87px|||\u00bb custom_padding=\u00bb0px||0px|||\u00bb global_colors_info=\u00bb{}\u00bb][et_pb_row _builder_version=\u00bb4.16&#8243; _module_preset=\u00bbdefault\u00bb global_colors_info=\u00bb{}\u00bb][et_pb_column type=\u00bb4_4&#8243; _builder_version=\u00bb4.16&#8243; _module_preset=\u00bbdefault\u00bb global_colors_info=\u00bb{}\u00bb][\/et_pb_column][\/et_pb_row][\/et_pb_section][et_pb_section fb_built=\u00bb1&#8243; admin_label=\u00bbWorkshops Area\u00bb _builder_version=\u00bb4.16&#8243; background_color=\u00bb#ffffff\u00bb custom_padding=\u00bb90px||90px|\u00bb global_colors_info=\u00bb{}\u00bb][et_pb_row _builder_version=\u00bb4.16&#8243; custom_margin=\u00bb-40px|auto||auto||\u00bb locked=\u00bboff\u00bb global_colors_info=\u00bb{}\u00bb][et_pb_column type=\u00bb4_4&#8243; _builder_version=\u00bb4.16&#8243; custom_padding=\u00bb|||\u00bb global_colors_info=\u00bb{}\u00bb custom_padding__hover=\u00bb|||\u00bb][et_pb_text _builder_version=\u00bb4.16&#8243; _module_preset=\u00bbdefault\u00bb header_font=\u00bbRoboto Mono|300||on|||||\u00bb header_text_align=\u00bbcenter\u00bb header_font_size=\u00bb33px\u00bb custom_margin=\u00bb||0px|||\u00bb global_colors_info=\u00bb{}\u00bb]<\/p>\n<h1><strong>PERFUMES PARA CL\u00cdNICAS<\/strong><\/h1>\n<p>[\/et_pb_text][et_pb_divider color=\u00bb#eee9e5&#8243; divider_position=\u00bbcenter\u00bb divider_weight=\u00bb3px\u00bb _builder_version=\u00bb4.16&#8243; max_width=\u00bb50px\u00bb module_alignment=\u00bbcenter\u00bb custom_margin=\u00bb0px||||false|false\u00bb animation_style=\u00bbfade\u00bb animation_direction=\u00bbtop\u00bb animation_starting_opacity=\u00bb100%\u00bb global_colors_info=\u00bb{}\u00bb][\/et_pb_divider][\/et_pb_column][\/et_pb_row][\/et_pb_section][et_pb_section fb_built=\u00bb1&#8243; _builder_version=\u00bb4.16&#8243; _module_preset=\u00bbdefault\u00bb min_height=\u00bb325px\u00bb custom_padding=\u00bb0px||0px|||\u00bb global_colors_info=\u00bb{}\u00bb][et_pb_row _builder_version=\u00bb4.16&#8243; _module_preset=\u00bbdefault\u00bb custom_margin=\u00bb-115px||||false|false\u00bb global_colors_info=\u00bb{}\u00bb][et_pb_column type=\u00bb4_4&#8243; _builder_version=\u00bb4.16&#8243; _module_preset=\u00bbdefault\u00bb global_colors_info=\u00bb{}\u00bb][et_pb_text _builder_version=\u00bb4.16&#8243; _module_preset=\u00bbdefault\u00bb text_font=\u00bb|300|||||||\u00bb text_font_size=\u00bb15px\u00bb text_line_height=\u00bb2em\u00bb header_2_font=\u00bbRoboto Mono|||on|||||\u00bb header_2_text_align=\u00bbcenter\u00bb header_2_text_color=\u00bb#565656&#8243; header_2_font_size=\u00bb22px\u00bb header_2_line_height=\u00bb2em\u00bb text_orientation=\u00bbjustified\u00bb custom_margin=\u00bb0px||||false|false\u00bb animation_style=\u00bbfade\u00bb global_colors_info=\u00bb{}\u00bb]<\/p>\n<h2><strong>El famoso \u00abolor a hospital\u00bb<\/strong><\/h2>\n<p>La higiene y la limpieza son dos caracter\u00edsticas esenciales de los hospitales, las cl\u00ednicas y los centros de salud, condiciones esenciales en su mantenimiento y que est\u00e1n fuera de toda duda.<\/p>\n<p>Es por ello que, inconscientemente, asociemos de inmediato, casi como un acto reflejo de nuestra mente, el \u201color a limpio\u201d con <strong>consultas m\u00e9dicas<\/strong> o cualquier estancia o instalaci\u00f3n relacionada con el <strong>\u00e1mbito hospitalario.<\/strong><\/p>\n<p>El problema llega, sin embargo, cuando ese olor a limpio va m\u00e1s all\u00e1 y se convierte en un olor demasiado fuerte, a desinfectante o al tan invasivo y reconocible olor a lej\u00eda.<\/p>\n<p>Se trata de olores muy particulares y reconocibles, demasiado intensos e invasivos y que muchas personas consideran desagradables.<\/p>\n<p>Hay, incluso, quienes asocian, tras prolongadas estancias en hospitales, ese olor tan concreto con recuerdos particularmente tristes o dram\u00e1ticos, y es precisamente por ello que se hace necesario que, si somos los encargados de gestionar un hospital, una cl\u00ednica o un centro de salud, nos planteemos la necesidad de repensar hasta qu\u00e9 punto deseamos que ese olor sea lo primero que los pacientes o visitantes a nuestro centro reconozcan nada m\u00e1s llegar a \u00e9l.<\/p>\n<p>[\/et_pb_text][\/et_pb_column][\/et_pb_row][et_pb_row _builder_version=\u00bb4.16&#8243; _module_preset=\u00bbdefault\u00bb custom_margin=\u00bb0px||||false|false\u00bb global_colors_info=\u00bb{}\u00bb][et_pb_column type=\u00bb4_4&#8243; _builder_version=\u00bb4.16&#8243; _module_preset=\u00bbdefault\u00bb global_colors_info=\u00bb{}\u00bb][et_pb_text _builder_version=\u00bb4.16&#8243; _module_preset=\u00bbdefault\u00bb text_font=\u00bb|300|||||||\u00bb text_font_size=\u00bb15px\u00bb text_line_height=\u00bb2em\u00bb header_2_font=\u00bbRoboto Mono|||on|||||\u00bb header_2_text_align=\u00bbcenter\u00bb header_2_text_color=\u00bb#565656&#8243; header_2_font_size=\u00bb22px\u00bb header_2_line_height=\u00bb2em\u00bb text_orientation=\u00bbjustified\u00bb custom_margin=\u00bb0px||||false|false\u00bb animation_style=\u00bbfade\u00bb global_colors_info=\u00bb{}\u00bb]<\/p>\n<h2><strong>El aroma de nuestra cl\u00ednica como invitaci\u00f3n a la calma<\/strong><\/h2>\n<p>Los aromas y perfumes, gracias a su capacidad para enviar se\u00f1ales neuronales a nuestro cerebro y, a trav\u00e9s de ellas, activar emociones y sensaciones, tienen el poder de transmitir sensaciones en las personas y, as\u00ed, predisponer a quienes entran por primera vez en un lugar creando percepciones perdurables en estas.<\/p>\n<p>Es as\u00ed como funciona la aromaterapia, y es as\u00ed como funciona tambi\u00e9n el neurom\u00e1rketing, que haciendo uso del m\u00e1rketing olfativo ha desarrollado una estrategia por la cual, a trav\u00e9s de perfumes personalizados, puede crear aromas espec\u00edficos para cl\u00ednicas y hospitales que provocan en sus visitantes y pacientes sensaciones placenteras que eliminan el estr\u00e9s, la intranquilidad o los temores que pueden surgir en ellos al llegar a un centro hospitalario.<\/p>\n<p>Gracias al m\u00e1rketing olfativo, en Aromafy tenemos la capacidad para crear <strong>perfumes para cl\u00ednicas<\/strong> totalmente personalizados y \u00fanicos que har\u00e1n que todas aquellas personas que entren en tu cl\u00ednica, tu <strong>consulta m\u00e9dica<\/strong>, tu <strong>centro de salud<\/strong> o tu <strong>residencia<\/strong>, identifiquen inmediatamente esa sensaci\u00f3n de bienestar y paz con tu negocio.<\/p>\n<p>No se trata \u00fanicamente de que se sientan a gusto y relajados, en un ambiente acogedor y seguro dentro de tu cl\u00ednica, sino que asocien ese olor y, lo m\u00e1s importante, esa sensaci\u00f3n, con tu negocio. Lo que recordar\u00e1n, gracias a las sinopsis neuronales que el perfume para cl\u00ednicas de Aromafy ha provocado en su cerebro, es que tu cl\u00ednica, hospital o centro de salud, es un lugar limpio e higi\u00e9nico, pero tambi\u00e9n tranquilo, en el que pueden confiar y al que no dudar\u00e1n en regresar.<\/p>\n<p>Y, todo ello, se consigue gracias a un perfume. As\u00ed de perdurable y potente es el poder de los olores.<\/p>\n<p>[\/et_pb_text][\/et_pb_column][\/et_pb_row][et_pb_row _builder_version=\u00bb4.16&#8243; _module_preset=\u00bbdefault\u00bb global_colors_info=\u00bb{}\u00bb][et_pb_column type=\u00bb4_4&#8243; _builder_version=\u00bb4.16&#8243; _module_preset=\u00bbdefault\u00bb global_colors_info=\u00bb{}\u00bb][et_pb_image src=\u00bbhttps:\/\/cranky-neumann.212-227-159-6.plesk.page\/wp-content\/uploads\/2021\/06\/pexels-andrea-piacquadio-3952126.jpg\u00bb title_text=\u00bbpexels-andrea-piacquadio-3952126&#8243; _builder_version=\u00bb4.16&#8243; _module_preset=\u00bbdefault\u00bb global_colors_info=\u00bb{}\u00bb][\/et_pb_image][\/et_pb_column][\/et_pb_row][et_pb_row _builder_version=\u00bb4.16&#8243; _module_preset=\u00bbdefault\u00bb custom_margin=\u00bb0px||||false|false\u00bb global_colors_info=\u00bb{}\u00bb][et_pb_column type=\u00bb4_4&#8243; _builder_version=\u00bb4.16&#8243; _module_preset=\u00bbdefault\u00bb global_colors_info=\u00bb{}\u00bb][et_pb_text _builder_version=\u00bb4.16&#8243; _module_preset=\u00bbdefault\u00bb text_font=\u00bb|300|||||||\u00bb text_font_size=\u00bb15px\u00bb text_line_height=\u00bb2em\u00bb header_2_font=\u00bbRoboto Mono|||on|||||\u00bb header_2_text_align=\u00bbcenter\u00bb header_2_text_color=\u00bb#565656&#8243; header_2_font_size=\u00bb22px\u00bb header_2_line_height=\u00bb2em\u00bb text_orientation=\u00bbjustified\u00bb custom_margin=\u00bb0px||||false|false\u00bb animation_style=\u00bbfade\u00bb global_colors_info=\u00bb{}\u00bb]<\/p>\n<h2><strong>Perfumes para cl\u00ednicas e higiene ambiental<\/strong><\/h2>\n<p>En Aromafy disponemos de una fuente sostenible de fragancias que crean una agradable experiencia de bienvenida, con aceites 100% naturales que podemos combinar de manera que el perfume para tu cl\u00ednica sea totalmente \u00fanico y exclusivo, de manera que tus clientes no solo se sientan c\u00f3modos y confiados nada m\u00e1s entrar en ella, sino que relacionen esa sensaci\u00f3n, ese aroma, solo con tu centro.<\/p>\n<p>Ese perfume, personalizado y caracter\u00edstico, que ha de ser reconocible para visitantes, clientes y pacientes, ha de combinar las esencias de manera adecuada para conseguir <strong>aromas frescos<\/strong> y<strong> limpios<\/strong>, ser relajante y, adem\u00e1s, procurar no agobiar ni saturar.<\/p>\n<p>La intenci\u00f3n es no crear la percepci\u00f3n de que, con un olor, se pretende tapar otro, de que un perfume intenso pretende enmascarar el olor a desinfectante o lej\u00eda que pueda subyacer por debajo.<\/p>\n<p>No se trata de eso: el ambiente ha de estar limpio, no sobrecargado, y para ello en Aromafy disponemos de un sistema de limpieza del espacio que elimina cualquier olor demasiado intenso o fuerte para, a continuaci\u00f3n, perfumarlo el ambiente con una fragancia corporativa y personalizada creada especialmente para tu cl\u00ednica.<\/p>\n<p><strong>Con un perfume corporativo podr\u00e1s neutralizar olores desagradables y mantener un aroma que los clientes identificar\u00e1n como tuyo.<\/strong><\/p>\n<p>[\/et_pb_text][\/et_pb_column][\/et_pb_row][et_pb_row _builder_version=\u00bb4.16&#8243; _module_preset=\u00bbdefault\u00bb custom_margin=\u00bb0px||||false|false\u00bb global_colors_info=\u00bb{}\u00bb][et_pb_column type=\u00bb4_4&#8243; _builder_version=\u00bb4.16&#8243; _module_preset=\u00bbdefault\u00bb global_colors_info=\u00bb{}\u00bb][et_pb_text _builder_version=\u00bb4.16&#8243; _module_preset=\u00bbdefault\u00bb text_font=\u00bb|300|||||||\u00bb text_font_size=\u00bb15px\u00bb text_line_height=\u00bb2em\u00bb header_2_font=\u00bbRoboto Mono|||on|||||\u00bb header_2_text_align=\u00bbcenter\u00bb header_2_text_color=\u00bb#565656&#8243; header_2_font_size=\u00bb22px\u00bb header_2_line_height=\u00bb2em\u00bb text_orientation=\u00bbjustified\u00bb custom_margin=\u00bb0px||||false|false\u00bb animation_style=\u00bbfade\u00bb global_colors_info=\u00bb{}\u00bb]<\/p>\n<h2><strong>Las esencias que ofrecen paz y tranquilidad<\/strong><\/h2>\n<p>Teniendo en cuenta que no son pocas las personas que, al llegar a un hospital, se sienten inseguras, nerviosas o aprensivas, en Aromafy recomendamos que, dentro de la amplia gama de <strong>aromas para cl\u00ednica<\/strong> que puede incluir el perfume personalizado que elijas para tu cl\u00ednica, centro de salud, <strong>residencia<\/strong> u hospital, incluyas alguno de estos aromas por sus propiedades relajantes:<\/p>\n<ul>\n<li><strong>Lavanda:<\/strong> reduce el estr\u00e9s, la ansiedad y los cambios de humor.<\/li>\n<li><strong>Jazm\u00edn:<\/strong> disminuye los niveles de nerviosismo.<\/li>\n<li><strong>Vainilla:<\/strong> relaja la mente y produce sensaci\u00f3n de serenidad.<\/li>\n<li><strong>Lirio del valle:<\/strong> estimula la aparici\u00f3n de las llamadas \u201condas Alfa\u201d, que nos liberan de la irritabilidad y de la ansiedad.<\/li>\n<li><strong>Geranio:<\/strong> se trata de un aroma indicado para momentos de estr\u00e9s intenso, que ayuda a recobrar la calma.<\/li>\n<li><strong>Bergamota:<\/strong> ayuda a combatir la tensi\u00f3n muscular, tambi\u00e9n incrementa la seguridad y autoestima.<\/li>\n<li><strong>Melisa:<\/strong> contribuye a reducir las palpitaciones provocadas por el nerviosismo.<\/li>\n<\/ul>\n<p>Por otra parte, existen otros perfumes que, adem\u00e1s de favorecer las sensaciones de clama y tranquilidad, proporcionan al mismo tiempo aromas frescos y limpios, por lo cual estas esencias resultan ideales para combinarlas con aquellas otras que estimulan la tranquilidad. Esta es la clave de la aromaterapia, que nos permite recurrir a diversos aromas para fomentar una mezcla de sensaciones placenteras y, al mismo tiempo, mediante el m\u00e1rketing olfativo, crear una fragancia \u00fanica y reconocible para nuestra cl\u00ednica, hospital o centro de salud.<\/p>\n<p>En Aromafy recomendamos, para fomentar una sensaci\u00f3n de frescor, aromas para cl\u00ednica como:<\/p>\n<ul>\n<li><strong>Menta: <\/strong>ayuda a despejar la mente.<\/li>\n<li><strong>Pino:<\/strong> refuerza la sensaci\u00f3n de seguridad, de confortabilidad y limpieza.<\/li>\n<li><strong>Lim\u00f3n:<\/strong> transmite paz y relajaci\u00f3n, pues su aroma combate la fatiga muscular.<\/li>\n<li><strong>Mandarina:<\/strong> su aroma c\u00edtrico ayuda a conciliar el sue\u00f1o.<\/li>\n<\/ul>\n<p>En Aromafy queremos atender a todos nuestros clientes de manera personalizada, teniendo en cuenta sus necesidades y cada tipo de negocio as\u00ed como sus visitantes, creando un aroma corporativo que cree una impronta inolvidable y \u00fanica.<\/p>\n<p>Creemos que el perfume es una herramienta que puede ayudar a vencer miedos, que tambi\u00e9n puede acompa\u00f1ar en los momentos m\u00e1s felices y hacerlos todav\u00eda m\u00e1s inolvidables.<\/p>\n<p>En las cl\u00ednicas, en las residencias, en tu centro de salud, ese aroma quedar\u00e1 ineludiblemente unido a todas esas vivencias contribuyendo a mejorar las experiencias de los pacientes que por all\u00ed pasen. No es un asunto menor o balad\u00ed que deba ser descuidado, por ello, no dejes de consultarnos, te atenderemos encantados.<\/p>\n<p>[\/et_pb_text][\/et_pb_column][\/et_pb_row][\/et_pb_section][et_pb_section fb_built=\u00bb1&#8243; _builder_version=\u00bb4.16&#8243; _module_preset=\u00bbdefault\u00bb background_color=\u00bb#eee9e5&#8243; global_colors_info=\u00bb{}\u00bb][et_pb_row _builder_version=\u00bb4.16&#8243; _module_preset=\u00bbdefault\u00bb global_colors_info=\u00bb{}\u00bb][et_pb_column type=\u00bb4_4&#8243; _builder_version=\u00bb4.16&#8243; _module_preset=\u00bbdefault\u00bb global_colors_info=\u00bb{}\u00bb][et_pb_button button_url=\u00bbhttps:\/\/cranky-neumann.212-227-159-6.plesk.page\/contacto\u00bb button_text=\u00bb\u00bfQUIERES CREAR TU PROPIA FRAGANCIA?\u00bb button_alignment=\u00bbcenter\u00bb _builder_version=\u00bb4.16&#8243; _module_preset=\u00bbdefault\u00bb custom_button=\u00bbon\u00bb button_text_size=\u00bb25px\u00bb button_text_color=\u00bb#000000&#8243; button_font=\u00bbRoboto Mono|300|||||||\u00bb button_text_size_tablet=\u00bb\u00bb button_text_size_phone=\u00bb20px\u00bb button_text_size_last_edited=\u00bbon|phone\u00bb global_colors_info=\u00bb{}\u00bb][\/et_pb_button][\/et_pb_column][\/et_pb_row][\/et_pb_section]<\/p>\n","protected":false},"excerpt":{"rendered":"<p>PERFUMES PARA CL\u00cdNICASEl famoso \u00abolor a hospital\u00bb La higiene y la limpieza son dos caracter\u00edsticas esenciales de los hospitales, las cl\u00ednicas y los centros de salud, condiciones esenciales en su mantenimiento y que est\u00e1n fuera de toda duda. Es por ello que, inconscientemente, asociemos de inmediato, casi como un acto reflejo de nuestra mente, el [&hellip;]<\/p>\n","protected":false},"author":6,"featured_media":0,"parent":533,"menu_order":0,"comment_status":"closed","ping_status":"closed","template":"","meta":{"_et_pb_use_builder":"on","_et_pb_old_content":"","_et_gb_content_width":"","footnotes":""},"class_list":["post-672","page","type-page","status-publish","hentry"],"_links":{"self":[{"href":"https:\/\/aromafy.es\/index.php?rest_route=\/wp\/v2\/pages\/672","targetHints":{"allow":["GET"]}}],"collection":[{"href":"https:\/\/aromafy.es\/index.php?rest_route=\/wp\/v2\/pages"}],"about":[{"href":"https:\/\/aromafy.es\/index.php?rest_route=\/wp\/v2\/types\/page"}],"author":[{"embeddable":true,"href":"https:\/\/aromafy.es\/index.php?rest_route=\/wp\/v2\/users\/6"}],"replies":[{"embeddable":true,"href":"https:\/\/aromafy.es\/index.php?rest_route=%2Fwp%2Fv2%2Fcomments&post=672"}],"version-history":[{"count":18,"href":"https:\/\/aromafy.es\/index.php?rest_route=\/wp\/v2\/pages\/672\/revisions"}],"predecessor-version":[{"id":2640,"href":"https:\/\/aromafy.es\/index.php?rest_route=\/wp\/v2\/pages\/672\/revisions\/2640"}],"up":[{"embeddable":true,"href":"https:\/\/aromafy.es\/index.php?rest_route=\/wp\/v2\/pages\/533"}],"wp:attachment":[{"href":"https:\/\/aromafy.es\/index.php?rest_route=%2Fwp%2Fv2%2Fmedia&parent=672"}],"curies":[{"name":"wp","href":"https:\/\/api.w.org\/{rel}","templated":true}]}}