{"id":67,"date":"2020-09-22T16:57:20","date_gmt":"2020-09-22T16:57:20","guid":{"rendered":"https:\/\/cranky-neumann.212-227-159-6.plesk.page\/?page_id=67"},"modified":"2021-04-20T15:01:25","modified_gmt":"2021-04-20T15:01:25","slug":"perfumes-para-tiendas","status":"publish","type":"page","link":"https:\/\/aromafy.es\/?page_id=67","title":{"rendered":"Perfumes para tiendas"},"content":{"rendered":"<p>[et_pb_section fb_built=\u00bb1&#8243; custom_padding_last_edited=\u00bbon|phone\u00bb admin_label=\u00bbHero Section\u00bb _builder_version=\u00bb4.6.6&#8243; use_background_color_gradient=\u00bbon\u00bb background_color_gradient_start=\u00bbrgba(0,0,0,0)\u00bb background_color_gradient_end=\u00bbrgba(0,0,0,0)\u00bb background_color_gradient_direction=\u00bb120deg\u00bb background_color_gradient_overlays_image=\u00bbon\u00bb background_image=\u00bbhttps:\/\/cranky-neumann.212-227-159-6.plesk.page\/wp-content\/uploads\/2020\/10\/shutterstock_458405629-scaled.jpg\u00bb background_enable_video_mp4=\u00bboff\u00bb custom_margin_tablet=\u00bb\u00bb custom_margin_phone=\u00bb||90px||false|false\u00bb custom_margin_last_edited=\u00bbon|phone\u00bb custom_padding=\u00bb10%||24.5%|||\u00bb custom_padding_tablet=\u00bb\u00bb custom_padding_phone=\u00bb50%||0%||false|false\u00bb][\/et_pb_section][et_pb_section fb_built=\u00bb1&#8243; admin_label=\u00bbAbout Section\u00bb _builder_version=\u00bb3.22&#8243; custom_margin=\u00bb-87px||-87px|||\u00bb custom_padding=\u00bb0px||0px|||\u00bb][\/et_pb_section][et_pb_section fb_built=\u00bb1&#8243; admin_label=\u00bbWorkshops Area\u00bb _builder_version=\u00bb4.6.3&#8243; background_color=\u00bb#ffffff\u00bb custom_padding=\u00bb90px||90px|\u00bb][et_pb_row _builder_version=\u00bb3.25&#8243; custom_margin=\u00bb-40px|auto||auto||\u00bb locked=\u00bboff\u00bb][et_pb_column type=\u00bb4_4&#8243; _builder_version=\u00bb3.25&#8243; custom_padding=\u00bb|||\u00bb custom_padding__hover=\u00bb|||\u00bb][et_pb_text admin_label=\u00bbTitle\u00bb _builder_version=\u00bb4.7.7&#8243; text_font=\u00bb||||||||\u00bb header_font=\u00bbRoboto Mono|300||on|||||\u00bb header_text_align=\u00bbcenter\u00bb header_text_color=\u00bb#565656&#8243; header_font_size=\u00bb33px\u00bb header_2_font=\u00bbRoboto Mono|300||on|||||\u00bb header_2_text_align=\u00bbcenter\u00bb header_2_text_color=\u00bb#565656&#8243; header_2_font_size=\u00bb33px\u00bb custom_margin=\u00bb||0px|\u00bb animation_style=\u00bbfade\u00bb header_2_font_size_tablet=\u00bb\u00bb header_2_font_size_phone=\u00bb20px\u00bb header_2_font_size_last_edited=\u00bbon|phone\u00bb]<\/p>\n<h1>Perfumes para tiendas<\/h1>\n<p>[\/et_pb_text][et_pb_divider color=\u00bb#eee9e5&#8243; divider_position=\u00bbcenter\u00bb divider_weight=\u00bb3px\u00bb _builder_version=\u00bb4.6.3&#8243; max_width=\u00bb50px\u00bb module_alignment=\u00bbcenter\u00bb custom_margin=\u00bb2px||||false|false\u00bb animation_style=\u00bbfade\u00bb animation_direction=\u00bbtop\u00bb animation_starting_opacity=\u00bb100%\u00bb][\/et_pb_divider][\/et_pb_column][\/et_pb_row][\/et_pb_section][et_pb_section fb_built=\u00bb1&#8243; _builder_version=\u00bb4.6.3&#8243; _module_preset=\u00bbdefault\u00bb min_height=\u00bb325px\u00bb custom_padding=\u00bb0px||0px|||\u00bb][et_pb_row _builder_version=\u00bb4.6.3&#8243; _module_preset=\u00bbdefault\u00bb custom_margin=\u00bb-115px||||false|false\u00bb][et_pb_column type=\u00bb4_4&#8243; _builder_version=\u00bb4.6.3&#8243; _module_preset=\u00bbdefault\u00bb][et_pb_text _builder_version=\u00bb4.7.7&#8243; _module_preset=\u00bbdefault\u00bb text_font=\u00bbRoboto Mono|300|||||||\u00bb text_font_size=\u00bb15px\u00bb text_line_height=\u00bb2em\u00bb header_2_font=\u00bbRoboto Mono|300|||||||\u00bb header_2_text_align=\u00bbcenter\u00bb header_2_text_color=\u00bb#565656&#8243; header_2_font_size=\u00bb15px\u00bb header_2_line_height=\u00bb2em\u00bb custom_margin=\u00bb-10px|||||\u00bb animation_style=\u00bbfade\u00bb]<\/p>\n<p>Cada vez hay mas compradores que recurren a las plataformas on-line, por lo que la experiencia de venta en la tienda es una oportunidad crucial para representar de manera efectiva su marca y crear clientes leales. Cuando los compradores visitan las tiendas f\u00edsicas, la experiencia de la marca debe ser memorable. Las empresas tienen en cuenta todos los aspectos de sus tiendas: el dise\u00f1o y la decoraci\u00f3n, la m\u00fasica y la iluminaci\u00f3n. Ahora, las empresas inteligentes est\u00e1n aprovechando el quinto sentido de sus clientes y el m\u00e1s desarrollado, el olfato.<\/p>\n<p>&nbsp;<\/p>\n<p>En combinaci\u00f3n con otras se\u00f1ales de marketing, el aroma puede aumentar la conexi\u00f3n con la marca, crear una comunicaci\u00f3n m\u00e1s s\u00f3lida y profundizar la lealtad a la marca. Los aromas exclusivos y personalizados para tiendas est\u00e1n dise\u00f1ados para expresar el mensaje y el entorno de la marca en general, mejorando la percepci\u00f3n, la emoci\u00f3n y la conexi\u00f3n con el p\u00fablico objetivo, convirti\u00e9ndose as\u00ed en una pieza integrada y memorable de la identidad general y la comunicaci\u00f3n de la marca.<\/p>\n<p>&nbsp;<\/p>\n<p>En los establecimientos comerciales, las velas pueden ser peligrosas y los aerosoles de perfume pueden ser costosos e ineficaces. Este tipo de ambientadores para tiendas han quedado obsoletos ya que representan un trabajo extra para los empleados, siempre tiene que haber alguien pendiente y el aroma no se extiende de forma uniforme a lo largo de la tienda y a lo largo del d\u00eda. Para un nivel uniforme y constante de aroma en toda su tienda, recomendamos la difusi\u00f3n de la fragancia a trav\u00e9s de nuestras tecnolog\u00edas de nebulizaci\u00f3n que se pueden programar para que se liberen durante el horario comercial de la tienda, a una intensidad previamente ajustada y con su aroma personalizado.<\/p>\n<p>[\/et_pb_text][\/et_pb_column][\/et_pb_row][et_pb_row _builder_version=\u00bb3.25&#8243; custom_margin=\u00bb-40px|auto||auto||\u00bb custom_padding=\u00bb60px|||||\u00bb locked=\u00bboff\u00bb][et_pb_column type=\u00bb4_4&#8243; _builder_version=\u00bb3.25&#8243; custom_padding=\u00bb|||\u00bb custom_padding__hover=\u00bb|||\u00bb][et_pb_text admin_label=\u00bbTitle\u00bb _builder_version=\u00bb4.6.6&#8243; text_font=\u00bb||||||||\u00bb header_font=\u00bb||||||||\u00bb header_2_font=\u00bbRoboto Mono|300||on|||||\u00bb header_2_text_align=\u00bbcenter\u00bb header_2_text_color=\u00bb#565656&#8243; header_2_font_size=\u00bb33px\u00bb custom_margin=\u00bb13px||0px|||\u00bb animation_style=\u00bbfade\u00bb header_2_font_size_tablet=\u00bb\u00bb header_2_font_size_phone=\u00bb20px\u00bb header_2_font_size_last_edited=\u00bbon|phone\u00bb]<\/p>\n<h2>\u00bfSab\u00edas que&#8230;?<\/h2>\n<p>[\/et_pb_text][et_pb_divider color=\u00bb#eee9e5&#8243; divider_position=\u00bbcenter\u00bb divider_weight=\u00bb3px\u00bb _builder_version=\u00bb4.6.3&#8243; max_width=\u00bb50px\u00bb module_alignment=\u00bbcenter\u00bb custom_margin=\u00bb2px||||false|false\u00bb animation_style=\u00bbfade\u00bb animation_direction=\u00bbtop\u00bb animation_starting_opacity=\u00bb100%\u00bb][\/et_pb_divider][\/et_pb_column][\/et_pb_row][et_pb_row _builder_version=\u00bb4.6.3&#8243; background_size=\u00bbinitial\u00bb background_position=\u00bbtop_left\u00bb background_repeat=\u00bbrepeat\u00bb width=\u00bb90%\u00bb max_width=\u00bb2560px\u00bb module_alignment=\u00bbcenter\u00bb min_height=\u00bb247px\u00bb custom_margin=\u00bb-17px|auto|26px|auto||\u00bb custom_padding=\u00bb12px||40px|||\u00bb animation_style=\u00bbfade\u00bb][et_pb_column type=\u00bb4_4&#8243; _builder_version=\u00bb3.25&#8243; custom_padding=\u00bb|||\u00bb custom_padding__hover=\u00bb|||\u00bb][et_pb_blurb image=\u00bbhttps:\/\/cranky-neumann.212-227-159-6.plesk.page\/wp-content\/uploads\/2020\/10\/ICONOS-AROMAFY-18.png\u00bb image_max_width=\u00bb20%\u00bb _builder_version=\u00bb4.7.7&#8243; header_font=\u00bbRoboto Mono|300||on|||||\u00bb header_text_color=\u00bb#565656&#8243; header_font_size=\u00bb15px\u00bb header_line_height=\u00bb1.5em\u00bb background_size=\u00bbinitial\u00bb background_position=\u00bbtop_left\u00bb background_repeat=\u00bbrepeat\u00bb text_orientation=\u00bbcenter\u00bb hover_enabled=\u00bb0&#8243; body_font_size=\u00bb20px\u00bb sticky_enabled=\u00bb0&#8243;]<\/p>\n<p>EL PERFUME CORPORATIVO FAVORECE QUE LOS CLIENTES SE SIENTAN C\u00d3MODOS, PERMANEZCAN M\u00c1S TIEMPO EN LA TIENDA Y EST\u00c9N M\u00c1S RECEPTIVOS A LOS PRODUCTOS QUE SE LES OFRECEN.<\/p>\n<p>[\/et_pb_blurb][\/et_pb_column][\/et_pb_row][\/et_pb_section][et_pb_section fb_built=\u00bb1&#8243; _builder_version=\u00bb4.7.7&#8243; _module_preset=\u00bbdefault\u00bb min_height=\u00bb48px\u00bb custom_padding=\u00bb31px|||||\u00bb custom_margin=\u00bb||-58px|||\u00bb][et_pb_row _builder_version=\u00bb4.7.7&#8243; _module_preset=\u00bbdefault\u00bb min_height=\u00bb44px\u00bb][et_pb_column type=\u00bb4_4&#8243; _builder_version=\u00bb4.7.7&#8243; _module_preset=\u00bbdefault\u00bb][et_pb_text _builder_version=\u00bb4.7.7&#8243; _module_preset=\u00bbdefault\u00bb text_font=\u00bbRoboto Mono|300|||||||\u00bb text_line_height=\u00bb2em\u00bb]<\/p>\n<h2 style=\"text-align: center;\">AMBIENTADORES PARA TIENDAS<\/h2>\n<p>[\/et_pb_text][\/et_pb_column][\/et_pb_row][\/et_pb_section][et_pb_section fb_built=\u00bb1&#8243; _builder_version=\u00bb4.7.7&#8243; _module_preset=\u00bbdefault\u00bb min_height=\u00bb468px\u00bb custom_padding=\u00bb||1px|||\u00bb][et_pb_row _builder_version=\u00bb4.7.7&#8243; _module_preset=\u00bbdefault\u00bb custom_margin=\u00bb-31px|auto||auto||\u00bb custom_padding=\u00bb0px|||||\u00bb][et_pb_column type=\u00bb4_4&#8243; _builder_version=\u00bb4.7.7&#8243; _module_preset=\u00bbdefault\u00bb][et_pb_text _builder_version=\u00bb4.7.7&#8243; _module_preset=\u00bbdefault\u00bb text_font=\u00bbRoboto Mono|300|||||||\u00bb text_font_size=\u00bb15px\u00bb text_line_height=\u00bb2em\u00bb min_height=\u00bb370px\u00bb]<\/p>\n<p style=\"text-align: justify;\">Implementar el marketing olfativo en su tienda mejora la experiencia del comprador y se conecta con ellos a nivel emocional. Los clientes permanecer\u00e1n m\u00e1s tiempo en una tienda perfumada y la experiencia permanecer\u00e1 en sus mentes mucho despu\u00e9s de que se hayan ido. Desde grandes almacenes y tiendas de grandes marcas internacionales hasta tiendas de barrio, su aroma caracter\u00edstico ofrecer\u00e1 una ventaja competitiva.<\/p>\n<p style=\"text-align: justify;\">\n<p style=\"text-align: justify;\">Todo lo que vemos, o\u00edmos, tocamos y olemos forma una percepci\u00f3n general de la marca. El olfato es el sentido mas desarrollado del ser humano y el que mas influye a la hora de tomar decisiones. Desde hace mas de 5 a\u00f1os, Aromafy ha trabajado con todo tipo de clientes, desde grandes grupos de moda hasta tiendas boutique de barrio para desarrollar estrategias de marketing olfativo que acerquen al cliente a la marca, generando agradables sensaciones y sentimientos en los clientes.<\/p>\n<p>[\/et_pb_text][\/et_pb_column][\/et_pb_row][\/et_pb_section][et_pb_section fb_built=\u00bb1&#8243; _builder_version=\u00bb4.7.7&#8243; _module_preset=\u00bbdefault\u00bb custom_margin=\u00bb||-40px|||\u00bb][et_pb_row _builder_version=\u00bb4.7.7&#8243; _module_preset=\u00bbdefault\u00bb min_height=\u00bb13px\u00bb][et_pb_column type=\u00bb4_4&#8243; _builder_version=\u00bb4.7.7&#8243; _module_preset=\u00bbdefault\u00bb][et_pb_text _builder_version=\u00bb4.7.7&#8243; _module_preset=\u00bbdefault\u00bb text_font=\u00bbRoboto Mono|300|||||||\u00bb]<\/p>\n<h2 style=\"text-align: center;\">AMBIENTADORES PROFESIONALES PARA NEGOCIOS<\/h2>\n<p>[\/et_pb_text][\/et_pb_column][\/et_pb_row][\/et_pb_section][et_pb_section fb_built=\u00bb1&#8243; _builder_version=\u00bb4.7.7&#8243; _module_preset=\u00bbdefault\u00bb custom_padding=\u00bb0px|||||\u00bb][et_pb_row _builder_version=\u00bb4.7.7&#8243; _module_preset=\u00bbdefault\u00bb custom_padding=\u00bb0px|||||\u00bb][et_pb_column type=\u00bb4_4&#8243; _builder_version=\u00bb4.7.7&#8243; _module_preset=\u00bbdefault\u00bb][et_pb_text _builder_version=\u00bb4.7.7&#8243; _module_preset=\u00bbdefault\u00bb text_font=\u00bbRoboto Mono|300|||||||\u00bb text_font_size=\u00bb15px\u00bb text_line_height=\u00bb2em\u00bb]<\/p>\n<p style=\"text-align: justify;\">La elecci\u00f3n de una fragancia adecuada seg\u00fan el tipo de negocio y caracter\u00edsticas de cada empresa es fundamental. Una fragancia bien seleccionada por parte de una empresa de marketing olfativo aporta grandes ventajas tal y como hemos explicado previamente. Sin embargo, si se selecciona una fragancia de forma err\u00f3nea y que no encaja con la l\u00ednea de negocio o marca, puede conllevar todo lo contrario a lo que uno busca aplicando el marketing olfativo. Puede llegar a provocar confusi\u00f3n y rechazo.<\/p>\n<p style=\"text-align: justify;\">Los estudios realizados en este sentido demuestran que los negocios que utilizan los servicios de una\u00a0empresa especializada en marketing olfativo aumentan sobre un 25% m\u00e1s el volumen de sus negocios.<\/p>\n<p style=\"text-align: justify;\">\n<p style=\"text-align: justify;\">&#8230;<\/p>\n<p>[\/et_pb_text][\/et_pb_column][\/et_pb_row][\/et_pb_section][et_pb_section fb_built=\u00bb1&#8243; _builder_version=\u00bb4.6.3&#8243; _module_preset=\u00bbdefault\u00bb background_color=\u00bb#eee9e5&#8243;][et_pb_row _builder_version=\u00bb4.6.3&#8243; _module_preset=\u00bbdefault\u00bb][et_pb_column type=\u00bb4_4&#8243; _builder_version=\u00bb4.6.3&#8243; _module_preset=\u00bbdefault\u00bb][et_pb_button button_url=\u00bbhttps:\/\/cranky-neumann.212-227-159-6.plesk.page\/contacto\u00bb button_text=\u00bb\u00bfQUIERES CREAR TU PROPIA FRAGANCIA?\u00bb button_alignment=\u00bbcenter\u00bb _builder_version=\u00bb4.6.6&#8243; _module_preset=\u00bbdefault\u00bb custom_button=\u00bbon\u00bb button_text_size=\u00bb25px\u00bb button_text_color=\u00bb#000000&#8243; button_font=\u00bbRoboto Mono|300|||||||\u00bb button_text_size_tablet=\u00bb\u00bb button_text_size_phone=\u00bb20px\u00bb button_text_size_last_edited=\u00bbon|phone\u00bb][\/et_pb_button][\/et_pb_column][\/et_pb_row][\/et_pb_section]<\/p>\n","protected":false},"excerpt":{"rendered":"<p>Perfumes para tiendasCada vez hay mas compradores que recurren a las plataformas on-line, por lo que la experiencia de venta en la tienda es una oportunidad crucial para representar de manera efectiva su marca y crear clientes leales. Cuando los compradores visitan las tiendas f\u00edsicas, la experiencia de la marca debe ser memorable. Las empresas [&hellip;]<\/p>\n","protected":false},"author":6,"featured_media":0,"parent":533,"menu_order":4,"comment_status":"closed","ping_status":"closed","template":"","meta":{"_et_pb_use_builder":"on","_et_pb_old_content":"","_et_gb_content_width":"","footnotes":""},"class_list":["post-67","page","type-page","status-publish","hentry"],"_links":{"self":[{"href":"https:\/\/aromafy.es\/index.php?rest_route=\/wp\/v2\/pages\/67","targetHints":{"allow":["GET"]}}],"collection":[{"href":"https:\/\/aromafy.es\/index.php?rest_route=\/wp\/v2\/pages"}],"about":[{"href":"https:\/\/aromafy.es\/index.php?rest_route=\/wp\/v2\/types\/page"}],"author":[{"embeddable":true,"href":"https:\/\/aromafy.es\/index.php?rest_route=\/wp\/v2\/users\/6"}],"replies":[{"embeddable":true,"href":"https:\/\/aromafy.es\/index.php?rest_route=%2Fwp%2Fv2%2Fcomments&post=67"}],"version-history":[{"count":14,"href":"https:\/\/aromafy.es\/index.php?rest_route=\/wp\/v2\/pages\/67\/revisions"}],"predecessor-version":[{"id":2240,"href":"https:\/\/aromafy.es\/index.php?rest_route=\/wp\/v2\/pages\/67\/revisions\/2240"}],"up":[{"embeddable":true,"href":"https:\/\/aromafy.es\/index.php?rest_route=\/wp\/v2\/pages\/533"}],"wp:attachment":[{"href":"https:\/\/aromafy.es\/index.php?rest_route=%2Fwp%2Fv2%2Fmedia&parent=67"}],"curies":[{"name":"wp","href":"https:\/\/api.w.org\/{rel}","templated":true}]}}