{"id":65,"date":"2020-09-22T16:56:59","date_gmt":"2020-09-22T16:56:59","guid":{"rendered":"https:\/\/cranky-neumann.212-227-159-6.plesk.page\/?page_id=65"},"modified":"2024-03-11T11:43:44","modified_gmt":"2024-03-11T11:43:44","slug":"perfumes-para-gimnasios","status":"publish","type":"page","link":"https:\/\/aromafy.es\/?page_id=65","title":{"rendered":"Perfumes para gimnasios"},"content":{"rendered":"<p>[et_pb_section fb_built=\u00bb1&#8243; custom_padding_last_edited=\u00bbon|phone\u00bb admin_label=\u00bbHero Section\u00bb _builder_version=\u00bb4.24.2&#8243; use_background_color_gradient=\u00bbon\u00bb background_color_gradient_direction=\u00bb120deg\u00bb background_color_gradient_stops=\u00bbrgba(0,0,0,0) 0%|rgba(0,0,0,0) 100%\u00bb background_color_gradient_overlays_image=\u00bbon\u00bb background_color_gradient_start=\u00bbrgba(0,0,0,0)\u00bb background_color_gradient_end=\u00bbrgba(0,0,0,0)\u00bb background_image=\u00bbhttps:\/\/cranky-neumann.212-227-159-6.plesk.page\/wp-content\/uploads\/2024\/03\/Aromafy-Marketing-Olfativo_0019_21-jpg.webp\u00bb background_position=\u00bbbottom_center\u00bb background_enable_video_mp4=\u00bboff\u00bb custom_margin_tablet=\u00bb\u00bb custom_margin_phone=\u00bb||90px||false|false\u00bb custom_margin_last_edited=\u00bbon|phone\u00bb custom_padding=\u00bb50vh||50vh||true|false\u00bb custom_padding_tablet=\u00bb\u00bb custom_padding_phone=\u00bb50%||0%||false|false\u00bb hover_enabled=\u00bb0&#8243; global_colors_info=\u00bb{}\u00bb sticky_enabled=\u00bb0&#8243; title_text=\u00bbAromafy-Marketing-Olfativo_0019_21&#8243;][\/et_pb_section][et_pb_section fb_built=\u00bb1&#8243; admin_label=\u00bbWorkshops Area\u00bb _builder_version=\u00bb4.24.2&#8243; background_color=\u00bb#ffffff\u00bb custom_margin=\u00bb100px||100px||false|false\u00bb custom_padding=\u00bb0px||0px||false|false\u00bb global_colors_info=\u00bb{}\u00bb theme_builder_area=\u00bbpost_content\u00bb][et_pb_row _builder_version=\u00bb4.24.2&#8243; custom_margin=\u00bb|auto||auto|false|false\u00bb custom_margin_tablet=\u00bb\u00bb custom_margin_phone=\u00bb-40px|auto||auto|false|false\u00bb custom_margin_last_edited=\u00bbon|phone\u00bb custom_padding=\u00bb0px||||false|false\u00bb locked=\u00bboff\u00bb global_colors_info=\u00bb{}\u00bb theme_builder_area=\u00bbpost_content\u00bb][et_pb_column type=\u00bb4_4&#8243; _builder_version=\u00bb4.16&#8243; custom_padding=\u00bb|||\u00bb global_colors_info=\u00bb{}\u00bb custom_padding__hover=\u00bb|||\u00bb theme_builder_area=\u00bbpost_content\u00bb][et_pb_text content_tablet=\u00bb<\/p>\n<h1>aromas para gimnasios:\u00a0 marca la diferencia<\/h1>\n<p>\u00bb content_phone=\u00bb<\/p>\n<h1>aromas para gimnasios:\u00a0 marca la diferencia<\/h1>\n<p>\u00bb content_last_edited=\u00bbon|phone\u00bb disabled_on=\u00bboff|off|off\u00bb admin_label=\u00bbTitle\u00bb _builder_version=\u00bb4.24.2&#8243; text_font=\u00bbRoboto Mono|300||on|||||\u00bb text_text_color=\u00bb#565656&#8243; text_font_size=\u00bb33px\u00bb text_line_height=\u00bb1.2em\u00bb header_font=\u00bbRoboto Mono|300||on|||||\u00bb header_text_align=\u00bbcenter\u00bb header_text_color=\u00bb#565656&#8243; header_font_size=\u00bb33px\u00bb header_line_height=\u00bb1.4em\u00bb header_2_font=\u00bbRoboto Mono|300||on|||||\u00bb header_2_text_align=\u00bbcenter\u00bb header_2_text_color=\u00bb#565656&#8243; header_2_font_size=\u00bb33px\u00bb text_orientation=\u00bbcenter\u00bb custom_margin=\u00bb||0px|\u00bb animation_style=\u00bbfade\u00bb hover_enabled=\u00bb0&#8243; header_font_size_tablet=\u00bb33px\u00bb header_font_size_phone=\u00bb25px\u00bb header_font_size_last_edited=\u00bbon|phone\u00bb header_line_height_tablet=\u00bb\u00bb header_line_height_phone=\u00bb1.3em\u00bb header_line_height_last_edited=\u00bbon|phone\u00bb header_2_font_size_tablet=\u00bb\u00bb header_2_font_size_phone=\u00bb20px\u00bb header_2_font_size_last_edited=\u00bbon|phone\u00bb global_colors_info=\u00bb{}\u00bb theme_builder_area=\u00bbpost_content\u00bb sticky_enabled=\u00bb0&#8243;]<\/p>\n<h1>aromas para gimnasios:\u00a0 marca la diferencia<\/h1>\n<p>[\/et_pb_text][et_pb_divider color=\u00bb#eee9e5&#8243; divider_position=\u00bbcenter\u00bb divider_weight=\u00bb3px\u00bb _builder_version=\u00bb4.24.2&#8243; max_width=\u00bb50px\u00bb module_alignment=\u00bbcenter\u00bb custom_margin=\u00bb2px||||false|false\u00bb animation_style=\u00bbfade\u00bb animation_direction=\u00bbtop\u00bb animation_starting_opacity=\u00bb100%\u00bb global_colors_info=\u00bb{}\u00bb theme_builder_area=\u00bbpost_content\u00bb][\/et_pb_divider][\/et_pb_column][\/et_pb_row][\/et_pb_section][et_pb_section fb_built=\u00bb1&#8243; admin_label=\u00bbAbout Section\u00bb _builder_version=\u00bb4.16&#8243; custom_margin=\u00bb-87px||-87px|||\u00bb custom_padding=\u00bb0px||0px|||\u00bb global_colors_info=\u00bb{}\u00bb][et_pb_row _builder_version=\u00bb4.16&#8243; _module_preset=\u00bbdefault\u00bb global_colors_info=\u00bb{}\u00bb][et_pb_column type=\u00bb4_4&#8243; _builder_version=\u00bb4.16&#8243; _module_preset=\u00bbdefault\u00bb global_colors_info=\u00bb{}\u00bb][\/et_pb_column][\/et_pb_row][\/et_pb_section][et_pb_section fb_built=\u00bb1&#8243; _builder_version=\u00bb4.16&#8243; _module_preset=\u00bbdefault\u00bb min_height=\u00bb325px\u00bb custom_padding=\u00bb0px||0px|||\u00bb global_colors_info=\u00bb{}\u00bb][et_pb_row _builder_version=\u00bb4.16&#8243; _module_preset=\u00bbdefault\u00bb custom_margin=\u00bb-115px||||false|false\u00bb global_colors_info=\u00bb{}\u00bb][et_pb_column type=\u00bb4_4&#8243; _builder_version=\u00bb4.16&#8243; _module_preset=\u00bbdefault\u00bb global_colors_info=\u00bb{}\u00bb][et_pb_text _builder_version=\u00bb4.16&#8243; _module_preset=\u00bbdefault\u00bb text_font=\u00bb|300|||||||\u00bb text_font_size=\u00bb15px\u00bb text_line_height=\u00bb2em\u00bb header_2_font=\u00bbRoboto Mono|||on|||||\u00bb header_2_text_align=\u00bbcenter\u00bb header_2_text_color=\u00bb#565656&#8243; header_2_font_size=\u00bb22px\u00bb header_2_line_height=\u00bb2em\u00bb text_orientation=\u00bbjustified\u00bb custom_margin=\u00bb0px||||false|false\u00bb animation_style=\u00bbfade\u00bb global_colors_info=\u00bb{}\u00bb]<\/p>\n<h2><span><strong>\u00bfPor qu\u00e9 es importante un perfume para tu gimnasio?<\/strong><\/span><\/h2>\n<p>Acudir a<strong> gimnasios o centros deportivos<\/strong> es una experiencia global y estimulante para la que nos preparamos mucho antes de llegar.<\/p>\n<p>Ya desde el mismo instante en que pensamos en practicar deporte, nos activamos pensando en entrenar al m\u00e1ximo, dar lo mejor de nosotros mismos y disfrutar. Sin embargo en ocasiones, nada m\u00e1s entrar en nuestro gimnasio, todas estas intenciones se van al traste y desaparecen como por ensalmo dando lugar a una vaga sensaci\u00f3n de desagrado que nos golpea como un pu\u00f1etazo en la nariz.<\/p>\n<p>\u00bfEl motivo?<\/p>\n<p>Ese olor, tan caracter\u00edstico, mezcla de sudor, goma de zapatilla, colchoneta\u2026Si nos detenemos a pensarlo, nos daremos cuenta de que en el mismo instante en que percibimos ese olor nuestras ganas de disfrutar en el gimnasio huyeron despavoridas.<\/p>\n<p>Y es que algo tan sutil como un olor tiene el poder de desencadenar emociones y transformar nuestro humor hasta convertir una experiencia gratificante en lo opuesto.<\/p>\n<p>Pero el olor tambi\u00e9n es capaz de trastocar nuestra percepci\u00f3n del propio gimnasio, que de ser ese lugar atrayente y de confianza, al que acud\u00edamos a divertirnos y ponernos en forma, con unas modernas instalaciones, puede pasar a ser percibido como un sitio que ya no nos genera tanta confianza, que no cuida la higiene ni la limpieza como deber\u00eda y que no recomendar\u00edamos a nuestros amigos ni nos convence a la hora de hacernos socios.<\/p>\n<p>Los olores de nuestros negocios son fundamentales para generar una primera impresi\u00f3n en quienes los visitan, tambi\u00e9n para que permanezcan m\u00e1s tiempo en ellos.<\/p>\n<p>Si posees o gestionas un gimnasio o centro deportivo, deber\u00edas plantearte su aroma como un elemento indispensable y clave de la experiencia de tus socios y clientes.<\/p>\n<p>Esto es lo que se conoce como <strong>marketing olfativo<\/strong>, una estrategia que, tomando como base la neurociencia \u2014que estudia las respuestas de nuestro cerebro a los diferentes olores\u2014 ha desarrollado la posibilidad de introducir aromas en el ambiente de tiendas y negocios para lograr que la experiencia de los clientes en ellos sea m\u00e1s placentera y plena, llegando a asociar ese confort con la marca corporativa que representa.<\/p>\n<p>En <a href=\"https:\/\/cranky-neumann.212-227-159-6.plesk.page\/servicio-para-empresas\/equipos-de-aromatizacion\">Aromafy<\/a> disponemos de los mejores equipos para obtener los <strong>aromas para gimnasios ideales<\/strong>.<\/p>\n<p>[\/et_pb_text][\/et_pb_column][\/et_pb_row][et_pb_row _builder_version=\u00bb4.16&#8243; _module_preset=\u00bbdefault\u00bb custom_margin=\u00bb0px||||false|false\u00bb global_colors_info=\u00bb{}\u00bb][et_pb_column type=\u00bb4_4&#8243; _builder_version=\u00bb4.16&#8243; _module_preset=\u00bbdefault\u00bb global_colors_info=\u00bb{}\u00bb][et_pb_text _builder_version=\u00bb4.16&#8243; _module_preset=\u00bbdefault\u00bb text_font=\u00bb|300|||||||\u00bb text_font_size=\u00bb15px\u00bb text_line_height=\u00bb2em\u00bb header_2_font=\u00bbRoboto Mono|||on|||||\u00bb header_2_text_align=\u00bbcenter\u00bb header_2_text_color=\u00bb#565656&#8243; header_2_font_size=\u00bb22px\u00bb header_2_line_height=\u00bb2em\u00bb text_orientation=\u00bbjustified\u00bb custom_margin=\u00bb0px||||false|false\u00bb animation_style=\u00bbfade\u00bb global_colors_info=\u00bb{}\u00bb]<\/p>\n<h2><strong>Aromas para gimnasios: diferentes experiencias y necesidades<\/strong><\/h2>\n<p>Los aromas para gimnasios o centros deportivos no son esenciales \u00fanicamente como imagen de marca, como gesto de bienvenida al cliente al que se desea causar la mejor impresi\u00f3n, o como se\u00f1a de identidad corporativa del negocio, sino tambi\u00e9n como est\u00edmulo a la hora de predisponer a sus socios a realizar ejercicio f\u00edsico y hacerlo en el mejor entorno posible.<\/p>\n<p>La primera impresi\u00f3n que se llevar\u00e1 el cliente de un gimnasio es esencial y tiene que ver con la recepci\u00f3n y con el hecho de que, nada m\u00e1s entrar all\u00ed, perciba un olor a limpio que le transmita confianza y la sensaci\u00f3n de pulcritud, cuidado y aseo en todas sus instalaciones.<\/p>\n<p>Las notas arom\u00e1ticas como la <strong>vainilla<\/strong>, el <strong>almizcle blanco<\/strong>, el <strong>lirio<\/strong>, el <strong>iris<\/strong>, el <strong>lim\u00f3n<\/strong> o, incluso, el aroma de las <strong>manzanas verdes<\/strong>, potencian esa sensaci\u00f3n de \u201color a limpio\u201d y de frescura y en Aromafy podemos combinar los usos arom\u00e1ticos de estas fragancias de diversas maneras creando una fragancia \u00fanica, personalizada y adaptada a las necesidades de tu gimnasio.<\/p>\n<p>\u00a0Por otra parte, en la zona de m\u00e1quinas y ejercicio podr\u00eda ser m\u00e1s adecuado buscar perfumes que despierten las ganas de ejercitarse, de practicar deporte con alegr\u00eda, motiv\u00e1ndoles para trabajar duro y hacer de su entrenamiento una experiencia lo m\u00e1s positiva posible. Para ello se pueden utilizar perfumes corporativos especialmente elaborados para tu gimnasio que incluyan usos arom\u00e1ticos de esencias con notas acu\u00e1ticas o frutales de tipo <strong>c\u00edtrico<\/strong>. Estas fragancias, con esencias como el <strong>lim\u00f3n<\/strong>, la <strong>menta<\/strong>, la <strong>mandarina<\/strong> o el <strong>cedro,<\/strong> aportar\u00e1n a los clientes del gimnasio una sensaci\u00f3n de energ\u00eda al tiempo que animar\u00e1n sus sentidos, mejorar\u00e1n su humor y activar\u00e1n su organismo predisponi\u00e9ndolo al ejercicio. Gracias a esto, disfrutar\u00e1n de una actividad f\u00edsica m\u00e1s plena y satisfactoria.<\/p>\n<p>[\/et_pb_text][\/et_pb_column][\/et_pb_row][et_pb_row _builder_version=\u00bb4.16&#8243; _module_preset=\u00bbdefault\u00bb global_colors_info=\u00bb{}\u00bb][et_pb_column type=\u00bb4_4&#8243; _builder_version=\u00bb4.16&#8243; _module_preset=\u00bbdefault\u00bb global_colors_info=\u00bb{}\u00bb][et_pb_image src=\u00bbhttps:\/\/cranky-neumann.212-227-159-6.plesk.page\/wp-content\/uploads\/2021\/06\/pexels-andrea-piacquadio-917526-1.jpg\u00bb title_text=\u00bbpexels-andrea-piacquadio-917526 (1)\u00bb _builder_version=\u00bb4.16&#8243; _module_preset=\u00bbdefault\u00bb global_colors_info=\u00bb{}\u00bb][\/et_pb_image][\/et_pb_column][\/et_pb_row][et_pb_row _builder_version=\u00bb4.16&#8243; _module_preset=\u00bbdefault\u00bb custom_margin=\u00bb0px||||false|false\u00bb global_colors_info=\u00bb{}\u00bb][et_pb_column type=\u00bb4_4&#8243; _builder_version=\u00bb4.16&#8243; _module_preset=\u00bbdefault\u00bb global_colors_info=\u00bb{}\u00bb][et_pb_text _builder_version=\u00bb4.16&#8243; _module_preset=\u00bbdefault\u00bb text_font=\u00bb|300|||||||\u00bb text_font_size=\u00bb15px\u00bb text_line_height=\u00bb2em\u00bb header_2_font=\u00bbRoboto Mono|||on|||||\u00bb header_2_text_align=\u00bbcenter\u00bb header_2_text_color=\u00bb#565656&#8243; header_2_font_size=\u00bb22px\u00bb header_2_line_height=\u00bb2em\u00bb text_orientation=\u00bbjustified\u00bb custom_margin=\u00bb0px||||false|false\u00bb animation_style=\u00bbfade\u00bb global_colors_info=\u00bb{}\u00bb]<\/p>\n<h2><strong>Uso de los aromas para la eliminaci\u00f3n de olores en el gimnasio<\/strong><\/h2>\n<p>Pero no solo se trata de perfumar. En un lugar donde se suda y transpira, tan importante es aromatizar y procurar un ambiente fresco y agradable como la eliminaci\u00f3n de <strong>olores en el gimnasio<\/strong>.<\/p>\n<p>Para ello, en Aromafy disponemos de una fuente sostenible de fragancias que contiene mol\u00e9culas que aumentan la limpieza del espacio y crean una agradable experiencia de bienvenida, con aceites 100% naturales que contribuir\u00e1n a que los clientes de tu gimnasio se sientan c\u00f3modos y confiados nada m\u00e1s entrar, a gusto ya desde un primer momento y convencidos de que todo el tiempo que permanezcan entrenando en el gimnasio su estancia ser\u00e1 lo m\u00e1s c\u00f3moda y positiva posible.<\/p>\n<p>Se trata de que tu gimnasio posea un aroma \u00fanico, personalizado y caracter\u00edstico, que sea reconocible para sus clientes y usuarios, pero se trata, tambi\u00e9n, de que la percepci\u00f3n en el ambiente no resulte cargada: el aire ha de estar limpio de malos olores y oler bien. La saturaci\u00f3n no es recomendable. No se trata de \u201ctapar\u201d los malos olores con olores m\u00e1s fuertes e intensos, provocando una mezcolanza saturada y desagradable, sino de <strong>eliminar los malos olores gracias a nuestro sistema de limpieza del espacio<\/strong> y, a continuaci\u00f3n, perfumarlo con una <strong>fragancia corporativa y personalizada<\/strong> creada especialmente para tu negocio.<\/p>\n<p>En Aromafy disponemos de un sistema <strong>ambientador para gimnasios<\/strong> que te garantizar\u00e1 la limpieza del aire de tus instalaciones y al tiempo que los perfuma con un <strong>aroma marca<\/strong> propio y reconocible por todos tus clientes, que inmediatamente lo reconocer\u00e1n con el bienestar, el relax y la diversi\u00f3n que solo pueden sentir en tu gimnasio.<\/p>\n<p>[\/et_pb_text][\/et_pb_column][\/et_pb_row][et_pb_row _builder_version=\u00bb4.16&#8243; _module_preset=\u00bbdefault\u00bb custom_margin=\u00bb0px||||false|false\u00bb global_colors_info=\u00bb{}\u00bb][et_pb_column type=\u00bb4_4&#8243; _builder_version=\u00bb4.16&#8243; _module_preset=\u00bbdefault\u00bb global_colors_info=\u00bb{}\u00bb][et_pb_text _builder_version=\u00bb4.16&#8243; _module_preset=\u00bbdefault\u00bb text_font=\u00bb|300|||||||\u00bb text_font_size=\u00bb15px\u00bb text_line_height=\u00bb2em\u00bb header_2_font=\u00bbRoboto Mono|||on|||||\u00bb header_2_text_align=\u00bbcenter\u00bb header_2_text_color=\u00bb#565656&#8243; header_2_font_size=\u00bb22px\u00bb header_2_line_height=\u00bb2em\u00bb text_orientation=\u00bbjustified\u00bb custom_margin=\u00bb0px||||false|false\u00bb animation_style=\u00bbfade\u00bb global_colors_info=\u00bb{}\u00bb]<\/p>\n<h2><strong>M\u00e1rketing olfativo en el gimnasio<\/strong><\/h2>\n<p>El objetivo de Aromafy pasa por atender a cada uno de nuestros clientes de manera personalizada y atendiendo a sus necesidades, prestando toda la atenci\u00f3n al tipo de negocio que representa y a las caracter\u00edsticas concretas de su p\u00fablico.<\/p>\n<p>No todos los gimnasios llevan a cabo las mismas actividades ni poseen el mismo tipo de socios. Tampoco, por otra parte, presentan las mismas \u00e1reas de actividad.<\/p>\n<p>Es muy posible que un gimnasio pueda establecer diferentes zonas en las que se realicen diferentes actividades muy concretas, como yoga en una planta, por ejemplo, y m\u00e1quinas en otra o zumba en otra zona o sala. Cada una de estas actividades activa y requiere de emociones muy diferentes, y por ello, precisar\u00eda de fragancias con usos arom\u00e1ticos a su vez tambi\u00e9n diversos.<\/p>\n<p>Est\u00e1 demostrado que, en un gimnasio, el m\u00e1rketing olfativo crea experiencias \u00fanicas en los socios, que est\u00e1n dispuestos a sufrir un poco m\u00e1s en el gimnasio a cambio de sentirse m\u00e1s motivados.<\/p>\n<p>Prestando atenci\u00f3n a todas estas necesidades, en Aromafy podemos ofrecer diversos tipos de aromas en funci\u00f3n de la actividad a realizar dentro del gimnasio tendiendo en cuenta que, dentro de nuestro cat\u00e1logo, podemos elaborar un <strong>aroma corporativo<\/strong> que, dentro de los <strong>mejores perfumes para gimnasios<\/strong> motive a sus usuarios teniendo en cuenta las diversas actividades a realizar en estos.<\/p>\n<p>\u00a0As\u00ed, dentro de las zonas destinadas, por ejemplo, a clases de yoga o pilates, las <strong><u>fragancias sport<\/u><\/strong> recomendadas creadas por Aromafy pueden incluir notas relajantes y que nos ayuden a concentrarnos pero que no resulten demasiado intensas ni empalagosas, pues es importante mantener la sensaci\u00f3n de frescura, con fragancias como la <strong>lavanda<\/strong>, que favorece la relajaci\u00f3n, y la <strong>salvia<\/strong> o el <strong>romero<\/strong>, que intensifican la concentraci\u00f3n.<\/p>\n<p>[\/et_pb_text][\/et_pb_column][\/et_pb_row][\/et_pb_section][et_pb_section fb_built=\u00bb1&#8243; _builder_version=\u00bb4.16&#8243; _module_preset=\u00bbdefault\u00bb background_color=\u00bb#eee9e5&#8243; global_colors_info=\u00bb{}\u00bb][et_pb_row _builder_version=\u00bb4.16&#8243; _module_preset=\u00bbdefault\u00bb global_colors_info=\u00bb{}\u00bb][et_pb_column type=\u00bb4_4&#8243; _builder_version=\u00bb4.16&#8243; _module_preset=\u00bbdefault\u00bb global_colors_info=\u00bb{}\u00bb][et_pb_button button_url=\u00bbhttps:\/\/cranky-neumann.212-227-159-6.plesk.page\/contacto\u00bb button_text=\u00bb\u00bfQUIERES CREAR TU PROPIA FRAGANCIA?\u00bb button_alignment=\u00bbcenter\u00bb _builder_version=\u00bb4.16&#8243; _module_preset=\u00bbdefault\u00bb custom_button=\u00bbon\u00bb button_text_size=\u00bb25px\u00bb button_text_color=\u00bb#000000&#8243; button_font=\u00bbRoboto Mono|300|||||||\u00bb button_text_size_tablet=\u00bb\u00bb button_text_size_phone=\u00bb20px\u00bb button_text_size_last_edited=\u00bbon|phone\u00bb global_colors_info=\u00bb{}\u00bb][\/et_pb_button][\/et_pb_column][\/et_pb_row][\/et_pb_section]<\/p>\n","protected":false},"excerpt":{"rendered":"<p>aromas para gimnasios:\u00a0 marca la diferencia\u00bfPor qu\u00e9 es importante un perfume para tu gimnasio? Acudir a gimnasios o centros deportivos es una experiencia global y estimulante para la que nos preparamos mucho antes de llegar. Ya desde el mismo instante en que pensamos en practicar deporte, nos activamos pensando en entrenar al m\u00e1ximo, dar lo [&hellip;]<\/p>\n","protected":false},"author":6,"featured_media":0,"parent":533,"menu_order":3,"comment_status":"closed","ping_status":"open","template":"","meta":{"_et_pb_use_builder":"on","_et_pb_old_content":"<!-- wp:divi\/placeholder \/-->","_et_gb_content_width":"","footnotes":""},"class_list":["post-65","page","type-page","status-publish","hentry"],"_links":{"self":[{"href":"https:\/\/aromafy.es\/index.php?rest_route=\/wp\/v2\/pages\/65","targetHints":{"allow":["GET"]}}],"collection":[{"href":"https:\/\/aromafy.es\/index.php?rest_route=\/wp\/v2\/pages"}],"about":[{"href":"https:\/\/aromafy.es\/index.php?rest_route=\/wp\/v2\/types\/page"}],"author":[{"embeddable":true,"href":"https:\/\/aromafy.es\/index.php?rest_route=\/wp\/v2\/users\/6"}],"replies":[{"embeddable":true,"href":"https:\/\/aromafy.es\/index.php?rest_route=%2Fwp%2Fv2%2Fcomments&post=65"}],"version-history":[{"count":17,"href":"https:\/\/aromafy.es\/index.php?rest_route=\/wp\/v2\/pages\/65\/revisions"}],"predecessor-version":[{"id":2826,"href":"https:\/\/aromafy.es\/index.php?rest_route=\/wp\/v2\/pages\/65\/revisions\/2826"}],"up":[{"embeddable":true,"href":"https:\/\/aromafy.es\/index.php?rest_route=\/wp\/v2\/pages\/533"}],"wp:attachment":[{"href":"https:\/\/aromafy.es\/index.php?rest_route=%2Fwp%2Fv2%2Fmedia&parent=65"}],"curies":[{"name":"wp","href":"https:\/\/api.w.org\/{rel}","templated":true}]}}