{"id":63,"date":"2020-09-22T16:56:45","date_gmt":"2020-09-22T16:56:45","guid":{"rendered":"https:\/\/cranky-neumann.212-227-159-6.plesk.page\/?page_id=63"},"modified":"2021-09-06T16:45:54","modified_gmt":"2021-09-06T16:45:54","slug":"perfumes-para-hoteles","status":"publish","type":"page","link":"https:\/\/aromafy.es\/?page_id=63","title":{"rendered":"Perfumes para hoteles"},"content":{"rendered":"<p>[et_pb_section fb_built=\u00bb1&#8243; custom_padding_last_edited=\u00bbon|phone\u00bb admin_label=\u00bbHero Section\u00bb _builder_version=\u00bb4.7.7&#8243; use_background_color_gradient=\u00bbon\u00bb background_color_gradient_start=\u00bbrgba(0,0,0,0)\u00bb background_color_gradient_end=\u00bbrgba(0,0,0,0)\u00bb background_color_gradient_direction=\u00bb120deg\u00bb background_color_gradient_overlays_image=\u00bbon\u00bb background_image=\u00bbhttps:\/\/cranky-neumann.212-227-159-6.plesk.page\/wp-content\/uploads\/2020\/10\/shutterstock_675340291-scaled.jpg\u00bb background_position=\u00bbbottom_center\u00bb background_enable_video_mp4=\u00bboff\u00bb custom_margin_tablet=\u00bb\u00bb custom_margin_phone=\u00bb||90px||false|false\u00bb custom_margin_last_edited=\u00bbon|phone\u00bb custom_padding=\u00bb10%||24.5%|||\u00bb custom_padding_tablet=\u00bb\u00bb custom_padding_phone=\u00bb50%||0%||false|false\u00bb hover_enabled=\u00bb0&#8243; title_text=\u00bbshutterstock_675340291&#8243; sticky_enabled=\u00bb0&#8243;][\/et_pb_section][et_pb_section fb_built=\u00bb1&#8243; admin_label=\u00bbAbout Section\u00bb _builder_version=\u00bb3.22&#8243; custom_margin=\u00bb-87px||-87px|||\u00bb custom_padding=\u00bb0px||0px|||\u00bb][et_pb_row _builder_version=\u00bb4.7.7&#8243; _module_preset=\u00bbdefault\u00bb][et_pb_column type=\u00bb4_4&#8243; _builder_version=\u00bb4.7.7&#8243; _module_preset=\u00bbdefault\u00bb][\/et_pb_column][\/et_pb_row][\/et_pb_section][et_pb_section fb_built=\u00bb1&#8243; admin_label=\u00bbWorkshops Area\u00bb _builder_version=\u00bb4.6.3&#8243; background_color=\u00bb#ffffff\u00bb custom_padding=\u00bb90px||90px|\u00bb][et_pb_row _builder_version=\u00bb3.25&#8243; custom_margin=\u00bb-40px|auto||auto||\u00bb locked=\u00bboff\u00bb][et_pb_column type=\u00bb4_4&#8243; _builder_version=\u00bb3.25&#8243; custom_padding=\u00bb|||\u00bb custom_padding__hover=\u00bb|||\u00bb][et_pb_text _builder_version=\u00bb4.7.7&#8243; _module_preset=\u00bbdefault\u00bb header_font=\u00bbRoboto Mono|300||on|||||\u00bb header_text_align=\u00bbcenter\u00bb header_font_size=\u00bb33px\u00bb custom_margin=\u00bb||0px|||\u00bb]<\/p>\n<h1>MARKETING OLFATIVO: AROMAS Y PERFUMES PARA HOTELES<\/h1>\n<p>[\/et_pb_text][et_pb_divider color=\u00bb#eee9e5&#8243; divider_position=\u00bbcenter\u00bb divider_weight=\u00bb3px\u00bb _builder_version=\u00bb4.7.7&#8243; max_width=\u00bb50px\u00bb module_alignment=\u00bbcenter\u00bb custom_margin=\u00bb0px||||false|false\u00bb animation_style=\u00bbfade\u00bb animation_direction=\u00bbtop\u00bb animation_starting_opacity=\u00bb100%\u00bb][\/et_pb_divider][\/et_pb_column][\/et_pb_row][\/et_pb_section][et_pb_section fb_built=\u00bb1&#8243; _builder_version=\u00bb4.6.3&#8243; _module_preset=\u00bbdefault\u00bb min_height=\u00bb325px\u00bb custom_padding=\u00bb0px||0px|||\u00bb][et_pb_row _builder_version=\u00bb4.7.7&#8243; _module_preset=\u00bbdefault\u00bb custom_margin=\u00bb-115px||||false|false\u00bb][et_pb_column type=\u00bb4_4&#8243; _builder_version=\u00bb4.6.3&#8243; _module_preset=\u00bbdefault\u00bb][et_pb_text _builder_version=\u00bb4.7.7&#8243; _module_preset=\u00bbdefault\u00bb text_font=\u00bb|300|||||||\u00bb text_font_size=\u00bb15px\u00bb text_line_height=\u00bb2em\u00bb header_2_font=\u00bbRoboto Mono|||on|||||\u00bb header_2_text_align=\u00bbcenter\u00bb header_2_text_color=\u00bb#565656&#8243; header_2_font_size=\u00bb22px\u00bb header_2_line_height=\u00bb2em\u00bb text_orientation=\u00bbjustified\u00bb custom_margin=\u00bb0px||||false|false\u00bb animation_style=\u00bbfade\u00bb]<\/p>\n<h2><span><strong>IDEAS PARA EMOCIONAR A TUS HU\u00c9SPEDES<\/strong><\/span><\/h2>\n<p>La <strong>industria hotelera<\/strong> se rige por un principio b\u00e1sico e irrenunciable que debe aplicar con esmero desde el primer instante que una persona traspasa su umbral: hospitalidad.<\/p>\n<p>Cuando pensamos en hoteles las palabras que nos vienen a la mente tienen que ver con el acto de recibir, de atender, de tratar a sus hu\u00e9spedes con eficacia, educaci\u00f3n y cari\u00f1o. Es lo que se espera de estos establecimientos en los que la limpieza, el orden, el esmero y, tambi\u00e9n, la distinci\u00f3n y la elegancia, han de destacar desde un primer momento.<\/p>\n<p>Precisamente por esto, cada vez m\u00e1s hoteles han optado por hacer de su olor corporativo una se\u00f1a distintiva, tan caracter\u00edstica y \u00fanica como lo pueda ser su logo o su decoraci\u00f3n.<\/p>\n<p>Y es que \u00bfqu\u00e9 hay m\u00e1s caracter\u00edstico y personal, tambi\u00e9n m\u00e1s exclusivo que un <strong>aroma exclusivo y personalizado<\/strong>?<\/p>\n<p>El m\u00e1rketing empresarial ha desarrollado, tomando como base la aromaterapia, una estrategia que aplica avanzadas t\u00e9cnicas de neurom\u00e1rketing relacionadas con los perfumes y los olores para crear lo que se han venido a llamar estrategias de m\u00e1rketing olfativo.<\/p>\n<p>Seg\u00fan sus estudios, est\u00e1 demostrado que los aromas y perfumes poseen la capacidad de enviar se\u00f1ales neuronales a nuestro cerebro y, a trav\u00e9s de ellas, activar emociones y sensaciones en las personas que podr\u00edan no solo predisponer a quienes entran por primera vez en un lugar creando percepciones perdurables en estas, sino favorecer sus estados de \u00e1nimo mientras dure su estancia en las instalaciones de un hotel.<\/p>\n<p>[\/et_pb_text][\/et_pb_column][\/et_pb_row][et_pb_row _builder_version=\u00bb4.7.7&#8243; _module_preset=\u00bbdefault\u00bb custom_margin=\u00bb0px||||false|false\u00bb][et_pb_column type=\u00bb4_4&#8243; _builder_version=\u00bb4.6.3&#8243; _module_preset=\u00bbdefault\u00bb][et_pb_text _builder_version=\u00bb4.7.7&#8243; _module_preset=\u00bbdefault\u00bb text_font=\u00bb|300|||||||\u00bb text_font_size=\u00bb15px\u00bb text_line_height=\u00bb2em\u00bb header_2_font=\u00bbRoboto Mono|||on|||||\u00bb header_2_text_align=\u00bbcenter\u00bb header_2_text_color=\u00bb#565656&#8243; header_2_font_size=\u00bb22px\u00bb header_2_line_height=\u00bb2em\u00bb text_orientation=\u00bbjustified\u00bb custom_margin=\u00bb0px||||false|false\u00bb animation_style=\u00bbfade\u00bb]<\/p>\n<h2><strong>TU HOTEL ES TAN \u00daNICO COMO SU AROMA<\/strong><\/h2>\n<p>\u00bfQu\u00e9 buscan los clientes de tu hotel?<\/p>\n<p>Trato personalizado, confort, tranquilidad, limpieza\u2026 Gracias al m\u00e1rketing olfativo y a las fragancias que en Aromafy podemos crear para tu hotel, tenemos la capacidad de elaborar perfumes para hoteles exclusivos, \u00fanicos y acordes a tus necesidades que har\u00e1n que tus hu\u00e9spedes, desde el primer momento, identifiquen de inmediato esa sensaci\u00f3n de comodidad, de trato exquisito, de bienestar, con ese aroma creado especialmente para tu establecimiento que les har\u00e1 identificar esa experiencia olfativa y asociarla con tu local all\u00e1 donde vayan.<\/p>\n<p>Porque la clave del m\u00e1rketing olfativo no reside solamente en que tus clientes asocien un perfume creado <em>ex profeso<\/em> para tu hotel solo con este, de manera que en cuanto lleguen a \u00e9l puedan sentirse \u201ccomo en casa\u201d, sino tambi\u00e9n que, adem\u00e1s, estos aromas exclusivos para hoteles pueden contener las notas que contribuyan a despertar en tus hu\u00e9spedes sensaciones placenteras que les ayuden a relajarse, a desconectar, a sentirse c\u00f3modos, felices y confiados durante toda su estancia en tu establecimiento.<\/p>\n<p>As\u00ed funciona la magia de los olores.<\/p>\n<p>[\/et_pb_text][\/et_pb_column][\/et_pb_row][et_pb_row _builder_version=\u00bb4.7.7&#8243; _module_preset=\u00bbdefault\u00bb][et_pb_column type=\u00bb4_4&#8243; _builder_version=\u00bb4.7.7&#8243; _module_preset=\u00bbdefault\u00bb][et_pb_image src=\u00bbhttps:\/\/cranky-neumann.212-227-159-6.plesk.page\/wp-content\/uploads\/2021\/09\/pexels-engin-akyurt-2736388.jpg\u00bb title_text=\u00bbaromas-perfumes-para-hoteles\u00bb _builder_version=\u00bb4.7.7&#8243; _module_preset=\u00bbdefault\u00bb][\/et_pb_image][\/et_pb_column][\/et_pb_row][et_pb_row _builder_version=\u00bb4.7.7&#8243; _module_preset=\u00bbdefault\u00bb custom_margin=\u00bb0px||||false|false\u00bb][et_pb_column type=\u00bb4_4&#8243; _builder_version=\u00bb4.6.3&#8243; _module_preset=\u00bbdefault\u00bb][et_pb_text _builder_version=\u00bb4.7.7&#8243; _module_preset=\u00bbdefault\u00bb text_font=\u00bb|300|||||||\u00bb text_font_size=\u00bb15px\u00bb text_line_height=\u00bb2em\u00bb header_2_font=\u00bbRoboto Mono|||on|||||\u00bb header_2_text_align=\u00bbcenter\u00bb header_2_text_color=\u00bb#565656&#8243; header_2_font_size=\u00bb22px\u00bb header_2_line_height=\u00bb2em\u00bb text_orientation=\u00bbjustified\u00bb custom_margin=\u00bb0px||||false|false\u00bb animation_style=\u00bbfade\u00bb]<\/p>\n<h2><strong>C\u00d3MO EMOCIONAR A TUS HU\u00c9SPEDES<\/strong><\/h2>\n<p>Los perfumes son capaces de activar en nuestros cerebros diferentes sinopsis neuronales en funci\u00f3n de las diferentes notas arom\u00e1ticas que nuestro olfato perciba.<\/p>\n<p>En Aromafy sabemos combinar todas estas notas y esencias para crear<strong> fragancias para hoteles personalizadas<\/strong> y exclusivas que puede resultar capaz de despertar en todos tus <strong>tipos de clientes<\/strong> diferentes emociones, a nivel inconsciente.<\/p>\n<p>As\u00ed, no solo percibir\u00e1n la imagen de marca de tu hotel como un lugar caracterizado por un perfume original y que no podr\u00e1n reconocer en ning\u00fan otro lugar, sino que adem\u00e1s ese perfume les har\u00e1 sentirse c\u00f3modos y tranquilos, tendr\u00e1 la capacidad de <strong>crear ambientes<\/strong>. Gracias a \u00e9l, tus hu\u00e9spedes sabr\u00e1n que tu hotel es un lugar en el que se puede confiar, lujoso y amigable, donde vivir\u00e1n <strong>experiencias \u00fanicas<\/strong> y al que no dudar\u00e1n en desear regresar.<\/p>\n<p>No en vano, desde tiempos inmemoriales, ya desde el lejano Oriente, el perfume se empleaba como presente para los invitados y hu\u00e9spedes m\u00e1s valiosos que llegaban a una morada, tambi\u00e9n como regalo de bodas, para que la novia supiera, nada m\u00e1s llegar a su nueva casa, que ser\u00eda de ahora en adelante su hogar.<\/p>\n<p>Y es que nada hay m\u00e1s adecuado para hacer propio un lugar que sentirlo como tuyo a trav\u00e9s de un aroma que reconoces.<\/p>\n<p>[\/et_pb_text][\/et_pb_column][\/et_pb_row][et_pb_row _builder_version=\u00bb4.7.7&#8243; _module_preset=\u00bbdefault\u00bb custom_margin=\u00bb0px||||false|false\u00bb][et_pb_column type=\u00bb4_4&#8243; _builder_version=\u00bb4.6.3&#8243; _module_preset=\u00bbdefault\u00bb][et_pb_text _builder_version=\u00bb4.7.7&#8243; _module_preset=\u00bbdefault\u00bb text_font=\u00bb|300|||||||\u00bb text_font_size=\u00bb15px\u00bb text_line_height=\u00bb2em\u00bb header_2_font=\u00bbRoboto Mono|||on|||||\u00bb header_2_text_align=\u00bbcenter\u00bb header_2_text_color=\u00bb#565656&#8243; header_2_font_size=\u00bb22px\u00bb header_2_line_height=\u00bb2em\u00bb header_3_font=\u00bb|300|||||||\u00bb header_3_text_color=\u00bb#565656&#8243; header_3_font_size=\u00bb15px\u00bb header_3_line_height=\u00bb2em\u00bb text_orientation=\u00bbjustified\u00bb custom_margin=\u00bb0px||||false|false\u00bb animation_style=\u00bbfade\u00bb hover_enabled=\u00bb0&#8243; sticky_enabled=\u00bb0&#8243;]<\/p>\n<h2><span><strong>Ventajas de un aroma \u00fanico para tu hotel<\/strong><\/span><\/h2>\n<p>\u00bfCu\u00e1les son las sensaciones que desean sentir los visitantes de un hotel?<\/p>\n<p>Numerosas encuestas han destacado los hu\u00e9spedes de los hoteles buscan en estos que les proporcionen la oportunidad de relajarse en un entorno limpio y confortable en el que poder descansar y recargar las pilas, activarse y recuperar sus fuerzas.<\/p>\n<p>As\u00ed pues, los aromatizantes para hoteles deber\u00edan poder ofrecer aromas capaces de estimular los sentidos y despertar emociones que generen las sensaciones de: <strong>relajaci\u00f3n<\/strong>, <strong>limpieza<\/strong> y <strong>frescor<\/strong>.<\/p>\n<ul>\n<li>\n<h3><span><strong>Aromas relajantes:\u00a0<\/strong><\/span>dentro del amplio abanico de esencias que nos pueden ayudar a relajarnos y a descansar y dormir mejor, se encuentran <strong>aromas c\u00e1lidos<\/strong> como la lavanda, la bergamota, la camomila, el incienso y el s\u00e1ndalo. Tambi\u00e9n aromas florales como la rosa, la melisa o el geranio.<\/h3>\n<\/li>\n<li><span><strong>Aromas a limpio:\u00a0<\/strong><\/span>es un concepto que cada vez est\u00e1 m\u00e1s de moda, hasta el punto de que se est\u00e1n comercializando perfumes que intentan reproducir el aroma de la colada reci\u00e9n hecha, de unas s\u00e1banas tendidas al sol, de la piel al salir de la ducha o de un campo ba\u00f1ado por la lluvia. Pero \u00bfc\u00f3mo se define este olor? Los maestros perfumistas han determinado que esencias como el talco, el jab\u00f3n de Marsella, el almizcle, el iris o el aroma a pino pueden ayudarnos a reproducir estos olores en aromas para hoteles destinados a intensificar en los hu\u00e9spedes esta sensaci\u00f3n de limpieza.<\/li>\n<\/ul>\n<p>Y es que est\u00e1 demostrado que<strong> los clientes que perciben una habitaci\u00f3n limpia quedan m\u00e1s satisfechos que esos clientes que no gozan de una habitaci\u00f3n limpia.<\/strong><\/p>\n<ul>\n<li>\n<h3><strong><u>Aromas frescos<\/u>:<\/strong> se relacionan, sobre todo, con olores c\u00edtricos como la lima o el lim\u00f3n, adem\u00e1s de la esencia a mandarina, naranja o pomelo, pero tambi\u00e9n con esencias como el jengibre, el jazm\u00edn, el ylang ylang o el eucalipto.<\/h3>\n<\/li>\n<\/ul>\n<p>Combinando todas estas notas perfum\u00edsticas, en Aromafy podemos elaborar una <strong>ambientaci\u00f3n para empresas<\/strong> de la que solo dispongan, en absoluta exclusividad, tus hoteles, de manera que tus hu\u00e9spedes perciban, nada m\u00e1s entrar, el aroma especial y caracter\u00edstico ense\u00f1a de tus establecimientos. Un perfume que, adem\u00e1s, invite a relajarse y a disfrutar de una estancia que, sin duda, ser\u00e1 irrepetible.<\/p>\n<h2>Mejores aromas para hoteles para enamorar a tus clientes<\/h2>\n<p>En Aromafy disponemos de una fuente sostenible de fragancias que crean una agradable experiencia de bienvenida, con aceites 100% naturales que podemos combinar de manera que el perfume creado en exclusiva para tu hotel sea lo primero que se perciba nada m\u00e1s entrar en \u00e9l, creando una sensaci\u00f3n de bienvenida que haga sentir a tus clientes una sensaci\u00f3n de confort y relax que \u00fanicamente podr\u00e1n experimentar en tus hoteles, relacionando esta sensaci\u00f3n creada gracias al aroma nada m\u00e1s que con tus establecimientos.<\/p>\n<p>Ese perfume, reconocible desde el mismo instante en que tus hu\u00e9spedes entran en tu hotel, no debe ser invasivo ni demasiado intenso. Es fundamental, para que resulte relajante y procure esa sensaci\u00f3n de bienestar, que no sature el ambiente.<\/p>\n<p>Por otra parte, en Aromafy tambi\u00e9n disponemos de diferentes tipos de esencias que pueden adaptarse a las diversas zonas que componen tu hotel, pues dentro de un mismo complejo hotelero son muchas las experiencias que se pueden ofrecer a sus usuarios.<\/p>\n<p>As\u00ed, jugando con una misma gama de olores corporativos reconocibles, y gracias a nuestros <strong>difusores de aroma para hoteles<\/strong>, es posible incluir y matizar diferentes notas arom\u00e1ticas para incentivar diversas emociones y sensaciones en base a las zonas del hotel:<\/p>\n<p>\u2192 En las habitaciones, por ejemplo, la propuesta de Aromafy para tu hotel puede hacer hincapi\u00e9 en las esencias que incentivan al relax y al descanso, incorporando fragancias como la <strong>lavanda<\/strong>, el <strong>azahar<\/strong>, la esencia de <strong>valeriana<\/strong>, el aroma a <strong>mandarina<\/strong> o el <strong>s\u00e1ndalo<\/strong>, que favorecen la relajaci\u00f3n y combaten el estr\u00e9s y el insomnio, liberando la ansiedad y la tensi\u00f3n.<\/p>\n<p>\u00a0\u2192 En zonas como el gimnasio del hotel, se puede instalar un sistema de limpieza del espacio, en los que tambi\u00e9n Aromafy es experto, que elimina cualquier olor demasiado intenso o fuerte, neutraliza olores desagradables y, al tiempo, perfuma el ambiente con la fragancia corporativa creada espec\u00edficamente para el hotel, pero potenciada con esencias que favorecen la pr\u00e1ctica deportiva, que mejorar\u00e1n el humor de los deportistas y activar\u00e1n sus sentidos, con fragancias como el <strong>lim\u00f3n<\/strong>, la <strong>menta<\/strong> o el <strong>cedro,<\/strong> que aportar\u00e1n una sensaci\u00f3n de energ\u00eda y predisponen el organismo para la pr\u00e1ctica del ejercicio.<\/p>\n<p>&nbsp;<\/p>\n<p>[\/et_pb_text][\/et_pb_column][\/et_pb_row][et_pb_row _builder_version=\u00bb4.7.7&#8243; _module_preset=\u00bbdefault\u00bb][et_pb_column type=\u00bb4_4&#8243; _builder_version=\u00bb4.7.7&#8243; _module_preset=\u00bbdefault\u00bb][et_pb_image src=\u00bbhttps:\/\/cranky-neumann.212-227-159-6.plesk.page\/wp-content\/uploads\/2021\/09\/pexels-andrea-piacquadio-3756452.jpg\u00bb title_text=\u00bbaromas-perfumes-para-hoteles\u00bb _builder_version=\u00bb4.7.7&#8243; _module_preset=\u00bbdefault\u00bb][\/et_pb_image][\/et_pb_column][\/et_pb_row][et_pb_row _builder_version=\u00bb4.7.7&#8243; _module_preset=\u00bbdefault\u00bb custom_margin=\u00bb0px||||false|false\u00bb][et_pb_column type=\u00bb4_4&#8243; _builder_version=\u00bb4.6.3&#8243; _module_preset=\u00bbdefault\u00bb][et_pb_text _builder_version=\u00bb4.7.7&#8243; _module_preset=\u00bbdefault\u00bb text_font=\u00bb|300|||||||\u00bb text_font_size=\u00bb15px\u00bb text_line_height=\u00bb2em\u00bb header_2_font=\u00bbRoboto Mono|||on|||||\u00bb header_2_text_align=\u00bbcenter\u00bb header_2_text_color=\u00bb#565656&#8243; header_2_font_size=\u00bb22px\u00bb header_2_line_height=\u00bb2em\u00bb header_3_font=\u00bb|300|||||||\u00bb header_3_text_color=\u00bb#565656&#8243; header_3_font_size=\u00bb15px\u00bb header_3_line_height=\u00bb2em\u00bb text_orientation=\u00bbjustified\u00bb custom_margin=\u00bb0px||||false|false\u00bb animation_style=\u00bbfade\u00bb]<\/p>\n<h2>El aroma de la exclusividad<\/h2>\n<p>Pero, adem\u00e1s de la comodidad, la limpieza, el frescor y el relax, hay un componente asociado a los hoteles que no debemos pasar por alto: el lujo.<\/p>\n<p>En Aromafy atendemos a todos nuestros clientes de manera personalizada, creando para ellos aromas corporativos que tienen en cuenta todas sus necesidades y expectativas y con la garant\u00eda de que se trata de creaciones \u00fanicas, pues nos comprometemos a preservar la confidencialidad de las f\u00f3rmulas arom\u00e1ticas empleadas para cada uno de nuestros clientes.<\/p>\n<p>As\u00ed, los hu\u00e9spedes de tu hotel sabr\u00e1n que no encontrar\u00e1n ning\u00fan otro lugar en el mundo que huela igual de bien, con componentes que evocan el lujo en la formulaci\u00f3n de su perfume corporativo como:<\/p>\n<ul>\n<li>\n<h3><strong>Haba tonka<\/strong>, o <em>Dipteryx odorata<\/em>, una semilla de un profundo olor originaria de las Antillas y el Amazonas, caracterizada por su aroma especiado, dulce y parecido al de la nuez moscada.<\/h3>\n<\/li>\n<li>\n<h3><strong>S\u00e1ndalo<\/strong>, o <em>Santalum \u00e1lbum<\/em>, es un \u00e1rbol de hoja caduca procedente de la India, donde se considera un \u00e1rbol sagrado. Su madera es profundamente arom\u00e1tica y sus virutas se utilizan para fabricar esencias y perfumes que destacan por su olor c\u00e1lido, aterciopelado y sensual.<\/h3>\n<\/li>\n<li>\n<h3><strong>\u00c1mbar<\/strong>, tradicionalmente, ya desde la antigua Grecia, se ha empleado el \u00e1mbar gris como uno de los ingredientes b\u00e1sicos en perfumer\u00eda. En concreto, se usaba el \u00e1mbar gris, que proced\u00eda del est\u00f3mago de las ballenas, una roca formada por sal marina y algas solidificadas cristalizadas que el animal no pod\u00eda ingerir.<\/h3>\n<\/li>\n<\/ul>\n<p>Hoy, ese \u00e1mbar, profundamente arom\u00e1tico, es casi imposible de conseguir, por lo que se usa \u00e1mbar sint\u00e9tico que reproduce su aroma penetrante, c\u00e1lido y almizclado, caracterizado por su capacidad para combatir el estr\u00e9s y la ansiedad y, tambi\u00e9n, por su efecto afrodisiaco, pues su aroma es capaz de estimular nuestras feromonas haciendo que se incremente el impulso sexual.<\/p>\n<p>En Aromafy somos conscientes de que <strong>en el sector hotelero las experiencias sensoriales tienen un gran peso. Por este motivo, es indispensable tener un olor personal e intransferible que refuerce la identidad de la marca, que transmita el car\u00e1cter del hotel y que impacte en el recuerdo del hu\u00e9sped.<\/strong><\/p>\n<p>[\/et_pb_text][\/et_pb_column][\/et_pb_row][et_pb_row _builder_version=\u00bb4.7.7&#8243; _module_preset=\u00bbdefault\u00bb][et_pb_column type=\u00bb4_4&#8243; _builder_version=\u00bb4.7.7&#8243; _module_preset=\u00bbdefault\u00bb][et_pb_image src=\u00bbhttps:\/\/cranky-neumann.212-227-159-6.plesk.page\/wp-content\/uploads\/2021\/09\/pexels-max-vakhtbovych-6492385.jpg\u00bb title_text=\u00bbaromas-perfumes-para-hoteles\u00bb _builder_version=\u00bb4.7.7&#8243; _module_preset=\u00bbdefault\u00bb][\/et_pb_image][\/et_pb_column][\/et_pb_row][\/et_pb_section][et_pb_section fb_built=\u00bb1&#8243; _builder_version=\u00bb4.6.3&#8243; _module_preset=\u00bbdefault\u00bb background_color=\u00bb#eee9e5&#8243;][et_pb_row _builder_version=\u00bb4.6.3&#8243; _module_preset=\u00bbdefault\u00bb][et_pb_column type=\u00bb4_4&#8243; _builder_version=\u00bb4.6.3&#8243; _module_preset=\u00bbdefault\u00bb][et_pb_button button_url=\u00bbhttps:\/\/cranky-neumann.212-227-159-6.plesk.page\/contacto\u00bb button_text=\u00bb\u00bfQUIERES CREAR TU PROPIA FRAGANCIA?\u00bb button_alignment=\u00bbcenter\u00bb _builder_version=\u00bb4.6.6&#8243; _module_preset=\u00bbdefault\u00bb custom_button=\u00bbon\u00bb button_text_size=\u00bb25px\u00bb button_text_color=\u00bb#000000&#8243; button_font=\u00bbRoboto Mono|300|||||||\u00bb button_text_size_tablet=\u00bb\u00bb button_text_size_phone=\u00bb20px\u00bb button_text_size_last_edited=\u00bbon|phone\u00bb][\/et_pb_button][\/et_pb_column][\/et_pb_row][\/et_pb_section]<\/p>\n","protected":false},"excerpt":{"rendered":"<p>MARKETING OLFATIVO: AROMAS Y PERFUMES PARA HOTELESIDEAS PARA EMOCIONAR A TUS HU\u00c9SPEDES La industria hotelera se rige por un principio b\u00e1sico e irrenunciable que debe aplicar con esmero desde el primer instante que una persona traspasa su umbral: hospitalidad. Cuando pensamos en hoteles las palabras que nos vienen a la mente tienen que ver con [&hellip;]<\/p>\n","protected":false},"author":6,"featured_media":0,"parent":533,"menu_order":2,"comment_status":"closed","ping_status":"open","template":"","meta":{"_et_pb_use_builder":"on","_et_pb_old_content":"<!-- wp:divi\/placeholder \/-->","_et_gb_content_width":"","footnotes":""},"class_list":["post-63","page","type-page","status-publish","hentry"],"_links":{"self":[{"href":"https:\/\/aromafy.es\/index.php?rest_route=\/wp\/v2\/pages\/63","targetHints":{"allow":["GET"]}}],"collection":[{"href":"https:\/\/aromafy.es\/index.php?rest_route=\/wp\/v2\/pages"}],"about":[{"href":"https:\/\/aromafy.es\/index.php?rest_route=\/wp\/v2\/types\/page"}],"author":[{"embeddable":true,"href":"https:\/\/aromafy.es\/index.php?rest_route=\/wp\/v2\/users\/6"}],"replies":[{"embeddable":true,"href":"https:\/\/aromafy.es\/index.php?rest_route=%2Fwp%2Fv2%2Fcomments&post=63"}],"version-history":[{"count":13,"href":"https:\/\/aromafy.es\/index.php?rest_route=\/wp\/v2\/pages\/63\/revisions"}],"predecessor-version":[{"id":2378,"href":"https:\/\/aromafy.es\/index.php?rest_route=\/wp\/v2\/pages\/63\/revisions\/2378"}],"up":[{"embeddable":true,"href":"https:\/\/aromafy.es\/index.php?rest_route=\/wp\/v2\/pages\/533"}],"wp:attachment":[{"href":"https:\/\/aromafy.es\/index.php?rest_route=%2Fwp%2Fv2%2Fmedia&parent=63"}],"curies":[{"name":"wp","href":"https:\/\/api.w.org\/{rel}","templated":true}]}}