{"id":61,"date":"2020-09-22T16:56:19","date_gmt":"2020-09-22T16:56:19","guid":{"rendered":"https:\/\/cranky-neumann.212-227-159-6.plesk.page\/?page_id=61"},"modified":"2021-02-15T10:20:18","modified_gmt":"2021-02-15T10:20:18","slug":"perfumes-para-empresas","status":"publish","type":"page","link":"https:\/\/aromafy.es\/?page_id=61","title":{"rendered":"Perfumes para empresas"},"content":{"rendered":"<p>[et_pb_section fb_built=\u00bb1&#8243; admin_label=\u00bbHero Section\u00bb _builder_version=\u00bb4.6.6&#8243; use_background_color_gradient=\u00bbon\u00bb background_color_gradient_start=\u00bbrgba(0,0,0,0)\u00bb background_color_gradient_end=\u00bbrgba(0,0,0,0)\u00bb background_color_gradient_direction=\u00bb120deg\u00bb background_color_gradient_overlays_image=\u00bbon\u00bb background_image=\u00bbhttps:\/\/cranky-neumann.212-227-159-6.plesk.page\/wp-content\/uploads\/2020\/09\/0693F586-E6CB-4C15-950F-97E203B54B25-scaled.jpg\u00bb background_position=\u00bbbottom_right\u00bb background_enable_video_mp4=\u00bboff\u00bb custom_margin_tablet=\u00bb\u00bb custom_margin_phone=\u00bb||90px||false|false\u00bb custom_margin_last_edited=\u00bbon|phone\u00bb custom_padding=\u00bb50%||0px||false|false\u00bb][\/et_pb_section][et_pb_section fb_built=\u00bb1&#8243; admin_label=\u00bbAbout Section\u00bb _builder_version=\u00bb3.22&#8243; custom_margin=\u00bb-87px||-87px|||\u00bb custom_padding=\u00bb0px||0px|||\u00bb][\/et_pb_section][et_pb_section fb_built=\u00bb1&#8243; admin_label=\u00bbWorkshops Area\u00bb _builder_version=\u00bb4.6.3&#8243; background_color=\u00bb#ffffff\u00bb custom_padding=\u00bb90px||90px|\u00bb][et_pb_row _builder_version=\u00bb3.25&#8243; custom_margin=\u00bb-40px|auto||auto||\u00bb locked=\u00bboff\u00bb][et_pb_column type=\u00bb4_4&#8243; _builder_version=\u00bb3.25&#8243; custom_padding=\u00bb|||\u00bb custom_padding__hover=\u00bb|||\u00bb][et_pb_text admin_label=\u00bbTitle\u00bb _builder_version=\u00bb4.7.7&#8243; text_font=\u00bb||||||||\u00bb header_font=\u00bbRoboto Mono|300||on|||||\u00bb header_2_font=\u00bbRoboto Mono|300||on|||||\u00bb header_2_text_align=\u00bbcenter\u00bb header_2_text_color=\u00bb#565656&#8243; header_2_font_size=\u00bb33px\u00bb custom_margin=\u00bb||0px|\u00bb animation_style=\u00bbfade\u00bb hover_enabled=\u00bb0&#8243; header_2_font_size_tablet=\u00bb\u00bb header_2_font_size_phone=\u00bb20px\u00bb header_2_font_size_last_edited=\u00bbon|phone\u00bb sticky_enabled=\u00bb0&#8243; header_text_align=\u00bbcenter\u00bb header_font_size=\u00bb33px\u00bb header_text_color=\u00bb#565656&#8243;]<\/p>\n<h1>Perfumes para empresas<\/h1>\n<p>[\/et_pb_text][et_pb_divider color=\u00bb#eee9e5&#8243; divider_position=\u00bbcenter\u00bb divider_weight=\u00bb3px\u00bb _builder_version=\u00bb4.6.3&#8243; max_width=\u00bb50px\u00bb module_alignment=\u00bbcenter\u00bb custom_margin=\u00bb2px||||false|false\u00bb animation_style=\u00bbfade\u00bb animation_direction=\u00bbtop\u00bb animation_starting_opacity=\u00bb100%\u00bb][\/et_pb_divider][\/et_pb_column][\/et_pb_row][\/et_pb_section][et_pb_section fb_built=\u00bb1&#8243; _builder_version=\u00bb4.6.3&#8243; _module_preset=\u00bbdefault\u00bb min_height=\u00bb325px\u00bb custom_padding=\u00bb0px||0px|||\u00bb][et_pb_row _builder_version=\u00bb4.6.3&#8243; _module_preset=\u00bbdefault\u00bb custom_margin=\u00bb-115px||||false|false\u00bb][et_pb_column type=\u00bb4_4&#8243; _builder_version=\u00bb4.6.3&#8243; _module_preset=\u00bbdefault\u00bb][et_pb_text _builder_version=\u00bb4.6.3&#8243; _module_preset=\u00bbdefault\u00bb header_2_font=\u00bbRoboto Mono|300|||||||\u00bb header_2_text_align=\u00bbcenter\u00bb header_2_text_color=\u00bb#565656&#8243; header_2_font_size=\u00bb15px\u00bb header_2_line_height=\u00bb2em\u00bb custom_margin=\u00bb-10px|||||\u00bb animation_style=\u00bbfade\u00bb]<\/p>\n<h2 style=\"text-align: justify;\"><span>La aromatizaci\u00f3n est\u00e1 cobrando cada vez m\u00e1s importancia ya que aporta un valor a\u00f1adido en todos los \u00e1mbitos y sectores. Los aromas son capaces de crear ambientes \u00fanicos y aut\u00e9nticos, aumentando la satisfacci\u00f3n de los clientes, consumidores y personal empleado.<\/span><\/h2>\n<p>[\/et_pb_text][\/et_pb_column][\/et_pb_row][et_pb_row _builder_version=\u00bb3.25&#8243; custom_margin=\u00bb-40px|auto||auto||\u00bb custom_padding=\u00bb60px|||||\u00bb locked=\u00bboff\u00bb][et_pb_column type=\u00bb4_4&#8243; _builder_version=\u00bb3.25&#8243; custom_padding=\u00bb|||\u00bb custom_padding__hover=\u00bb|||\u00bb][et_pb_text admin_label=\u00bbTitle\u00bb _builder_version=\u00bb4.6.6&#8243; text_font=\u00bb||||||||\u00bb header_font=\u00bb||||||||\u00bb header_2_font=\u00bbRoboto Mono|300||on|||||\u00bb header_2_text_align=\u00bbcenter\u00bb header_2_text_color=\u00bb#565656&#8243; header_2_font_size=\u00bb33px\u00bb custom_margin=\u00bb13px||0px|||\u00bb animation_style=\u00bbfade\u00bb header_2_font_size_tablet=\u00bb\u00bb header_2_font_size_phone=\u00bb20px\u00bb header_2_font_size_last_edited=\u00bbon|phone\u00bb]<\/p>\n<h2>\u00bfSab\u00edas que&#8230;?<\/h2>\n<p>[\/et_pb_text][et_pb_divider color=\u00bb#eee9e5&#8243; divider_position=\u00bbcenter\u00bb divider_weight=\u00bb3px\u00bb _builder_version=\u00bb4.6.3&#8243; max_width=\u00bb50px\u00bb module_alignment=\u00bbcenter\u00bb custom_margin=\u00bb2px||||false|false\u00bb animation_style=\u00bbfade\u00bb animation_direction=\u00bbtop\u00bb animation_starting_opacity=\u00bb100%\u00bb][\/et_pb_divider][\/et_pb_column][\/et_pb_row][et_pb_row _builder_version=\u00bb4.6.3&#8243; background_size=\u00bbinitial\u00bb background_position=\u00bbtop_left\u00bb background_repeat=\u00bbrepeat\u00bb width=\u00bb90%\u00bb max_width=\u00bb2560px\u00bb module_alignment=\u00bbcenter\u00bb min_height=\u00bb247px\u00bb custom_margin=\u00bb-17px|auto|26px|auto||\u00bb custom_padding=\u00bb12px||40px|||\u00bb animation_style=\u00bbfade\u00bb][et_pb_column type=\u00bb4_4&#8243; _builder_version=\u00bb3.25&#8243; custom_padding=\u00bb|||\u00bb custom_padding__hover=\u00bb|||\u00bb][et_pb_blurb title=\u00bbLA FRAGANCIA ES UN INDICADOR CLAVE DE UN ESPACIO LIMPIO Y SANEADO QUE INVITA A LA RELAJACI\u00d3N Y AL CONFORT. \u00bb image=\u00bbhttps:\/\/cranky-neumann.212-227-159-6.plesk.page\/wp-content\/uploads\/2020\/10\/ICONOS-AROMAFY-13-1.png\u00bb image_max_width=\u00bb20%\u00bb image_max_width_tablet=\u00bb\u00bb image_max_width_phone=\u00bb\u00bb image_max_width_last_edited=\u00bbon|phone\u00bb _builder_version=\u00bb4.6.6&#8243; header_font=\u00bbRoboto Mono|300||on|||||\u00bb header_text_color=\u00bb#565656&#8243; header_font_size=\u00bb15px\u00bb header_line_height=\u00bb1.5em\u00bb background_size=\u00bbinitial\u00bb background_position=\u00bbtop_left\u00bb background_repeat=\u00bbrepeat\u00bb text_orientation=\u00bbcenter\u00bb header_font_size_tablet=\u00bb\u00bb header_font_size_phone=\u00bb15px\u00bb header_font_size_last_edited=\u00bbon|phone\u00bb][\/et_pb_blurb][\/et_pb_column][\/et_pb_row][\/et_pb_section][et_pb_section fb_built=\u00bb1&#8243; _builder_version=\u00bb4.6.3&#8243; _module_preset=\u00bbdefault\u00bb background_color=\u00bb#eee9e5&#8243;][et_pb_row _builder_version=\u00bb4.6.3&#8243; _module_preset=\u00bbdefault\u00bb][et_pb_column type=\u00bb4_4&#8243; _builder_version=\u00bb4.6.3&#8243; _module_preset=\u00bbdefault\u00bb][et_pb_button button_url=\u00bbhttps:\/\/cranky-neumann.212-227-159-6.plesk.page\/contacto\u00bb button_text=\u00bb\u00bfQUIERES CREAR TU PROPIA FRAGANCIA?\u00bb button_alignment=\u00bbcenter\u00bb _builder_version=\u00bb4.6.6&#8243; _module_preset=\u00bbdefault\u00bb custom_button=\u00bbon\u00bb button_text_size=\u00bb25px\u00bb button_text_color=\u00bb#000000&#8243; button_font=\u00bbRoboto Mono|300|||||||\u00bb button_text_size_tablet=\u00bb\u00bb button_text_size_phone=\u00bb20px\u00bb button_text_size_last_edited=\u00bbon|phone\u00bb][\/et_pb_button][\/et_pb_column][\/et_pb_row][\/et_pb_section]<\/p>\n","protected":false},"excerpt":{"rendered":"<p>Perfumes para empresas La aromatizaci\u00f3n est\u00e1 cobrando cada vez m\u00e1s importancia ya que aporta un valor a\u00f1adido en todos los \u00e1mbitos y sectores. Los aromas son capaces de crear ambientes \u00fanicos y aut\u00e9nticos, aumentando la satisfacci\u00f3n de los clientes, consumidores y personal empleado.\u00bfSab\u00edas que&#8230;?<\/p>\n","protected":false},"author":6,"featured_media":0,"parent":533,"menu_order":1,"comment_status":"closed","ping_status":"open","template":"","meta":{"_et_pb_use_builder":"on","_et_pb_old_content":"","_et_gb_content_width":"","footnotes":""},"class_list":["post-61","page","type-page","status-publish","hentry"],"_links":{"self":[{"href":"https:\/\/aromafy.es\/index.php?rest_route=\/wp\/v2\/pages\/61","targetHints":{"allow":["GET"]}}],"collection":[{"href":"https:\/\/aromafy.es\/index.php?rest_route=\/wp\/v2\/pages"}],"about":[{"href":"https:\/\/aromafy.es\/index.php?rest_route=\/wp\/v2\/types\/page"}],"author":[{"embeddable":true,"href":"https:\/\/aromafy.es\/index.php?rest_route=\/wp\/v2\/users\/6"}],"replies":[{"embeddable":true,"href":"https:\/\/aromafy.es\/index.php?rest_route=%2Fwp%2Fv2%2Fcomments&post=61"}],"version-history":[{"count":11,"href":"https:\/\/aromafy.es\/index.php?rest_route=\/wp\/v2\/pages\/61\/revisions"}],"predecessor-version":[{"id":2163,"href":"https:\/\/aromafy.es\/index.php?rest_route=\/wp\/v2\/pages\/61\/revisions\/2163"}],"up":[{"embeddable":true,"href":"https:\/\/aromafy.es\/index.php?rest_route=\/wp\/v2\/pages\/533"}],"wp:attachment":[{"href":"https:\/\/aromafy.es\/index.php?rest_route=%2Fwp%2Fv2%2Fmedia&parent=61"}],"curies":[{"name":"wp","href":"https:\/\/api.w.org\/{rel}","templated":true}]}}