{"id":59,"date":"2020-09-22T16:56:02","date_gmt":"2020-09-22T16:56:02","guid":{"rendered":"https:\/\/cranky-neumann.212-227-159-6.plesk.page\/?page_id=59"},"modified":"2024-03-11T10:54:54","modified_gmt":"2024-03-11T10:54:54","slug":"aroma-para-pulverizar","status":"publish","type":"page","link":"https:\/\/aromafy.es\/?page_id=59","title":{"rendered":"Aroma para pulverizar"},"content":{"rendered":"<p>[et_pb_section fb_built=\u00bb1&#8243; custom_padding_last_edited=\u00bbon|phone\u00bb _builder_version=\u00bb4.24.2&#8243; _module_preset=\u00bbdefault\u00bb background_image=\u00bbhttps:\/\/cranky-neumann.212-227-159-6.plesk.page\/wp-content\/uploads\/2024\/03\/Aromafy-Marketing-Olfativo_0004_5-jpg.webp\u00bb custom_padding=\u00bb50vh||50vh||true|false\u00bb custom_padding_tablet=\u00bb20vh||20vh||false|false\u00bb custom_padding_phone=\u00bb10vh||10vh||false|false\u00bb global_colors_info=\u00bb{}\u00bb][\/et_pb_section][et_pb_section fb_built=\u00bb1&#8243; admin_label=\u00bbWorkshops Area\u00bb _builder_version=\u00bb4.24.2&#8243; background_color=\u00bb#ffffff\u00bb custom_margin=\u00bb100px||100px||false|false\u00bb custom_padding=\u00bb0px||0px||false|false\u00bb global_colors_info=\u00bb{}\u00bb][et_pb_row _builder_version=\u00bb4.24.2&#8243; custom_margin=\u00bb|auto||auto|false|false\u00bb custom_margin_tablet=\u00bb\u00bb custom_margin_phone=\u00bb-40px|auto||auto|false|false\u00bb custom_margin_last_edited=\u00bbon|phone\u00bb custom_padding=\u00bb0px||||false|false\u00bb locked=\u00bboff\u00bb global_colors_info=\u00bb{}\u00bb][et_pb_column type=\u00bb4_4&#8243; _builder_version=\u00bb4.16&#8243; custom_padding=\u00bb|||\u00bb global_colors_info=\u00bb{}\u00bb custom_padding__hover=\u00bb|||\u00bb][et_pb_text content_tablet=\u00bb<\/p>\n<h1>pulveriza tu negocio<\/h1>\n<p>\u00bb content_phone=\u00bb<\/p>\n<h1>pulveriza tu negocio<\/h1>\n<p>\u00bb content_last_edited=\u00bbon|phone\u00bb disabled_on=\u00bboff|off|off\u00bb admin_label=\u00bbTitle\u00bb _builder_version=\u00bb4.24.2&#8243; text_font=\u00bbRoboto Mono|300||on|||||\u00bb text_text_color=\u00bb#565656&#8243; text_font_size=\u00bb33px\u00bb text_line_height=\u00bb1.2em\u00bb header_font=\u00bbRoboto Mono|300||on|||||\u00bb header_text_align=\u00bbcenter\u00bb header_text_color=\u00bb#565656&#8243; header_font_size=\u00bb33px\u00bb header_2_font=\u00bbRoboto Mono|300||on|||||\u00bb header_2_text_align=\u00bbcenter\u00bb header_2_text_color=\u00bb#565656&#8243; header_2_font_size=\u00bb33px\u00bb text_orientation=\u00bbcenter\u00bb custom_margin=\u00bb||0px|\u00bb animation_style=\u00bbfade\u00bb header_font_size_tablet=\u00bb33px\u00bb header_font_size_phone=\u00bb25px\u00bb header_font_size_last_edited=\u00bbon|phone\u00bb header_line_height_tablet=\u00bb\u00bb header_line_height_phone=\u00bb1.3em\u00bb header_line_height_last_edited=\u00bbon|phone\u00bb header_2_font_size_tablet=\u00bb\u00bb header_2_font_size_phone=\u00bb20px\u00bb header_2_font_size_last_edited=\u00bbon|phone\u00bb global_colors_info=\u00bb{}\u00bb]<\/p>\n<h1>pulveriza tu negocio<\/h1>\n<p>[\/et_pb_text][et_pb_divider color=\u00bb#eee9e5&#8243; divider_position=\u00bbcenter\u00bb divider_weight=\u00bb3px\u00bb _builder_version=\u00bb4.24.2&#8243; max_width=\u00bb50px\u00bb module_alignment=\u00bbcenter\u00bb custom_margin=\u00bb2px||||false|false\u00bb animation_style=\u00bbfade\u00bb animation_direction=\u00bbtop\u00bb animation_starting_opacity=\u00bb100%\u00bb global_colors_info=\u00bb{}\u00bb][\/et_pb_divider][\/et_pb_column][\/et_pb_row][\/et_pb_section][et_pb_section fb_built=\u00bb1&#8243; _builder_version=\u00bb4.24.2&#8243; _module_preset=\u00bbdefault\u00bb min_height=\u00bb325px\u00bb custom_margin=\u00bb||0px||false|false\u00bb custom_padding=\u00bb0px||0px|||\u00bb global_colors_info=\u00bb{}\u00bb][et_pb_row _builder_version=\u00bb4.16&#8243; _module_preset=\u00bbdefault\u00bb custom_margin=\u00bb-115px||||false|false\u00bb global_colors_info=\u00bb{}\u00bb][et_pb_column type=\u00bb4_4&#8243; _builder_version=\u00bb4.16&#8243; _module_preset=\u00bbdefault\u00bb global_colors_info=\u00bb{}\u00bb][et_pb_text content_tablet=\u00bb<\/p>\n<h2 style=%22text-align: justify;%22><span>Desde Aromafy sabemos lo importante que es que los clientes recuerden el aroma de tu negocio. Por ello, te proponemos pulverizar los productos en venta como la ropa, cajas, moquetas o env\u00edos online con un aroma corporativo. De este modo, el cliente se llevar\u00e1 el aroma hasta su hogar: solo as\u00ed cerramos el ciclo olfativo del cliente.<\/span><\/h2>\n<p>\u00bb content_phone=\u00bb<\/p>\n<h2 style=%22text-align: justify;%22><span>Desde Aromafy sabemos lo importante que es que los clientes recuerden el aroma de tu negocio. Por ello, te proponemos pulverizar los productos en venta como la ropa, cajas, moquetas o env\u00edos online con un aroma corporativo. De este modo, el cliente se llevar\u00e1 el aroma hasta su hogar: solo as\u00ed cerramos el ciclo olfativo del cliente.<\/span><\/h2>\n<p>\u00bb content_last_edited=\u00bbon|phone\u00bb _builder_version=\u00bb4.24.2&#8243; _module_preset=\u00bbdefault\u00bb header_2_font=\u00bbRoboto Mono|300|||||||\u00bb header_2_text_align=\u00bbcenter\u00bb header_2_text_color=\u00bb#565656&#8243; header_2_font_size=\u00bb15px\u00bb header_2_line_height=\u00bb2em\u00bb custom_margin=\u00bb-10px|||||\u00bb animation_style=\u00bbfade\u00bb global_colors_info=\u00bb{}\u00bb]<\/p>\n<h2 style=\"text-align: justify;\"><span>Desde Aromafy sabemos lo importante que es que los clientes recuerden el aroma de tu negocio. Por ello, te proponemos pulverizar los productos en venta como la ropa, cajas, moquetas o env\u00edos online con un aroma corporativo. De este modo, el cliente se llevar\u00e1 el aroma hasta su hogar: solo as\u00ed cerramos el ciclo olfativo del cliente.<\/span><\/h2>\n<p>[\/et_pb_text][\/et_pb_column][\/et_pb_row][et_pb_row column_structure=\u00bb1_4,1_4,1_4,1_4&#8243; _builder_version=\u00bb4.16&#8243; background_size=\u00bbinitial\u00bb background_position=\u00bbtop_left\u00bb background_repeat=\u00bbrepeat\u00bb width=\u00bb90%\u00bb max_width=\u00bb2560px\u00bb module_alignment=\u00bbcenter\u00bb min_height=\u00bb247px\u00bb custom_margin=\u00bb-17px|auto|26px|auto||\u00bb custom_margin_tablet=\u00bb\u00bb custom_margin_phone=\u00bb-25px|auto|26px|auto|false|false\u00bb custom_margin_last_edited=\u00bbon|phone\u00bb custom_padding=\u00bb70px||40px|||\u00bb animation_style=\u00bbfade\u00bb global_colors_info=\u00bb{}\u00bb][et_pb_column type=\u00bb1_4&#8243; _builder_version=\u00bb4.16&#8243; custom_padding=\u00bb|||\u00bb global_colors_info=\u00bb{}\u00bb custom_padding__hover=\u00bb|||\u00bb][et_pb_blurb title=\u00bbPULVERIZACI\u00d3N SIN MANCHAS\u00bb image=\u00bbhttps:\/\/cranky-neumann.212-227-159-6.plesk.page\/wp-content\/uploads\/2020\/10\/ICONOS-AROMAFY-03.png\u00bb image_icon_width=\u00bb40%\u00bb image_icon_width_tablet=\u00bb40%\u00bb image_icon_width_phone=\u00bb25%\u00bb image_icon_width_last_edited=\u00bbon|phone\u00bb _builder_version=\u00bb4.16&#8243; header_font=\u00bbRoboto Mono|300|||||||\u00bb header_text_align=\u00bbcenter\u00bb header_text_color=\u00bb#565656&#8243; header_font_size=\u00bb15px\u00bb header_line_height=\u00bb1.5em\u00bb body_font=\u00bbRoboto Mono|300|||||||\u00bb body_line_height=\u00bb2em\u00bb background_size=\u00bbinitial\u00bb background_position=\u00bbtop_left\u00bb background_repeat=\u00bbrepeat\u00bb text_orientation=\u00bbcenter\u00bb custom_margin=\u00bb||-1px|||\u00bb custom_margin_tablet=\u00bb\u00bb custom_margin_phone=\u00bb-40px||-1px||false|false\u00bb custom_margin_last_edited=\u00bbon|phone\u00bb image_max_width=\u00bb40%\u00bb image_max_width_tablet=\u00bb\u00bb image_max_width_phone=\u00bb25%\u00bb image_max_width_last_edited=\u00bbon|phone\u00bb global_colors_info=\u00bb{}\u00bb][\/et_pb_blurb][\/et_pb_column][et_pb_column type=\u00bb1_4&#8243; _builder_version=\u00bb4.16&#8243; custom_padding=\u00bb|||\u00bb global_colors_info=\u00bb{}\u00bb custom_padding__hover=\u00bb|||\u00bb][et_pb_blurb title=\u00bbEFECTO DURADERO\u00bb image=\u00bbhttps:\/\/cranky-neumann.212-227-159-6.plesk.page\/wp-content\/uploads\/2020\/10\/ICONOS-AROMAFY-11.png\u00bb image_icon_width=\u00bb40%\u00bb image_icon_width_tablet=\u00bb40%\u00bb image_icon_width_phone=\u00bb25%\u00bb image_icon_width_last_edited=\u00bbon|phone\u00bb _builder_version=\u00bb4.16&#8243; header_font=\u00bbRoboto Mono|300|||||||\u00bb header_text_align=\u00bbcenter\u00bb header_text_color=\u00bb#565656&#8243; header_font_size=\u00bb15px\u00bb header_line_height=\u00bb1.5em\u00bb body_font=\u00bbRoboto Mono|300|||||||\u00bb body_text_align=\u00bbjustify\u00bb body_line_height=\u00bb2em\u00bb background_size=\u00bbinitial\u00bb background_position=\u00bbtop_left\u00bb background_repeat=\u00bbrepeat\u00bb text_orientation=\u00bbcenter\u00bb image_max_width=\u00bb40%\u00bb image_max_width_tablet=\u00bb\u00bb image_max_width_phone=\u00bb25%\u00bb image_max_width_last_edited=\u00bbon|phone\u00bb global_colors_info=\u00bb{}\u00bb][\/et_pb_blurb][\/et_pb_column][et_pb_column type=\u00bb1_4&#8243; _builder_version=\u00bb4.16&#8243; custom_padding=\u00bb|||\u00bb global_colors_info=\u00bb{}\u00bb custom_padding__hover=\u00bb|||\u00bb][et_pb_blurb title=\u00bbESENCIAS 100% NATURALES\u00bb image=\u00bbhttps:\/\/cranky-neumann.212-227-159-6.plesk.page\/wp-content\/uploads\/2020\/10\/ICONOS-AROMAFY-05-1.png\u00bb image_icon_width=\u00bb40%\u00bb image_icon_width_tablet=\u00bb40%\u00bb image_icon_width_phone=\u00bb25%\u00bb image_icon_width_last_edited=\u00bbon|phone\u00bb _builder_version=\u00bb4.16&#8243; header_font=\u00bbRoboto Mono|300|||||||\u00bb header_text_align=\u00bbcenter\u00bb header_text_color=\u00bb#565656&#8243; header_font_size=\u00bb15px\u00bb header_line_height=\u00bb1.5em\u00bb body_font=\u00bbRoboto Mono|300|||||||\u00bb body_text_align=\u00bbjustify\u00bb body_line_height=\u00bb2em\u00bb background_size=\u00bbinitial\u00bb background_position=\u00bbtop_left\u00bb background_repeat=\u00bbrepeat\u00bb text_orientation=\u00bbcenter\u00bb image_max_width=\u00bb40%\u00bb image_max_width_tablet=\u00bb\u00bb image_max_width_phone=\u00bb25%\u00bb image_max_width_last_edited=\u00bbon|phone\u00bb global_colors_info=\u00bb{}\u00bb][\/et_pb_blurb][\/et_pb_column][et_pb_column type=\u00bb1_4&#8243; _builder_version=\u00bb4.16&#8243; custom_padding=\u00bb|||\u00bb global_colors_info=\u00bb{}\u00bb custom_padding__hover=\u00bb|||\u00bb][et_pb_blurb title=\u00bbBOTELLAS DE 500ML Y 1L\u00bb image=\u00bbhttps:\/\/cranky-neumann.212-227-159-6.plesk.page\/wp-content\/uploads\/2020\/10\/ICONOS-AROMAFY-22.png\u00bb image_icon_width=\u00bb40%\u00bb image_icon_width_tablet=\u00bb40%\u00bb image_icon_width_phone=\u00bb25%\u00bb image_icon_width_last_edited=\u00bbon|phone\u00bb _builder_version=\u00bb4.16&#8243; header_font=\u00bbRoboto Mono|300|||||||\u00bb header_text_align=\u00bbcenter\u00bb header_text_color=\u00bb#565656&#8243; header_font_size=\u00bb15px\u00bb header_line_height=\u00bb1.5em\u00bb body_font=\u00bbRoboto Mono|300|||||||\u00bb body_line_height=\u00bb2em\u00bb background_size=\u00bbinitial\u00bb background_position=\u00bbtop_left\u00bb background_repeat=\u00bbrepeat\u00bb text_orientation=\u00bbcenter\u00bb image_max_width=\u00bb40%\u00bb image_max_width_tablet=\u00bb\u00bb image_max_width_phone=\u00bb25%\u00bb image_max_width_last_edited=\u00bbon|phone\u00bb global_colors_info=\u00bb{}\u00bb][\/et_pb_blurb][\/et_pb_column][\/et_pb_row][\/et_pb_section][et_pb_section fb_built=\u00bb1&#8243; _builder_version=\u00bb4.16&#8243; _module_preset=\u00bbdefault\u00bb background_color=\u00bb#eee9e5&#8243; global_colors_info=\u00bb{}\u00bb][et_pb_row _builder_version=\u00bb4.16&#8243; _module_preset=\u00bbdefault\u00bb global_colors_info=\u00bb{}\u00bb][et_pb_column type=\u00bb4_4&#8243; _builder_version=\u00bb4.16&#8243; _module_preset=\u00bbdefault\u00bb global_colors_info=\u00bb{}\u00bb][et_pb_button button_url=\u00bbhttps:\/\/cranky-neumann.212-227-159-6.plesk.page\/contacto\u00bb button_text=\u00bb\u00bfQUIERES PULVERIZAR TU NEGOCIO?\u00bb button_alignment=\u00bbcenter\u00bb _builder_version=\u00bb4.16&#8243; _module_preset=\u00bbdefault\u00bb custom_button=\u00bbon\u00bb button_text_size=\u00bb25px\u00bb button_text_color=\u00bb#000000&#8243; button_font=\u00bbRoboto Mono|300|||||||\u00bb button_text_size_tablet=\u00bb\u00bb button_text_size_phone=\u00bb20px\u00bb button_text_size_last_edited=\u00bbon|phone\u00bb global_colors_info=\u00bb{}\u00bb][\/et_pb_button][\/et_pb_column][\/et_pb_row][\/et_pb_section]<\/p>\n","protected":false},"excerpt":{"rendered":"<p>pulveriza tu negocioDesde Aromafy sabemos lo importante que es que los clientes recuerden el aroma de tu negocio. Por ello, te proponemos pulverizar los productos en venta como la ropa, cajas, moquetas o env\u00edos online con un aroma corporativo. De este modo, el cliente se llevar\u00e1 el aroma hasta su hogar: solo as\u00ed cerramos el [&hellip;]<\/p>\n","protected":false},"author":6,"featured_media":0,"parent":494,"menu_order":6,"comment_status":"closed","ping_status":"open","template":"","meta":{"_et_pb_use_builder":"on","_et_pb_old_content":"<!-- wp:divi\/placeholder \/-->","_et_gb_content_width":"","footnotes":""},"class_list":["post-59","page","type-page","status-publish","hentry"],"_links":{"self":[{"href":"https:\/\/aromafy.es\/index.php?rest_route=\/wp\/v2\/pages\/59","targetHints":{"allow":["GET"]}}],"collection":[{"href":"https:\/\/aromafy.es\/index.php?rest_route=\/wp\/v2\/pages"}],"about":[{"href":"https:\/\/aromafy.es\/index.php?rest_route=\/wp\/v2\/types\/page"}],"author":[{"embeddable":true,"href":"https:\/\/aromafy.es\/index.php?rest_route=\/wp\/v2\/users\/6"}],"replies":[{"embeddable":true,"href":"https:\/\/aromafy.es\/index.php?rest_route=%2Fwp%2Fv2%2Fcomments&post=59"}],"version-history":[{"count":28,"href":"https:\/\/aromafy.es\/index.php?rest_route=\/wp\/v2\/pages\/59\/revisions"}],"predecessor-version":[{"id":2803,"href":"https:\/\/aromafy.es\/index.php?rest_route=\/wp\/v2\/pages\/59\/revisions\/2803"}],"up":[{"embeddable":true,"href":"https:\/\/aromafy.es\/index.php?rest_route=\/wp\/v2\/pages\/494"}],"wp:attachment":[{"href":"https:\/\/aromafy.es\/index.php?rest_route=%2Fwp%2Fv2%2Fmedia&parent=59"}],"curies":[{"name":"wp","href":"https:\/\/api.w.org\/{rel}","templated":true}]}}