{"id":510,"date":"2020-10-02T12:39:08","date_gmt":"2020-10-02T12:39:08","guid":{"rendered":"https:\/\/cranky-neumann.212-227-159-6.plesk.page\/?page_id=510"},"modified":"2024-03-11T11:12:56","modified_gmt":"2024-03-11T11:12:56","slug":"equipos-de-aromatizacion","status":"publish","type":"page","link":"https:\/\/aromafy.es\/?page_id=510","title":{"rendered":"Equipos de aromatizaci\u00f3n"},"content":{"rendered":"<p>[et_pb_section fb_built=\u00bb1&#8243; custom_padding_last_edited=\u00bbon|phone\u00bb _builder_version=\u00bb4.24.2&#8243; _module_preset=\u00bbdefault\u00bb background_image=\u00bbhttps:\/\/cranky-neumann.212-227-159-6.plesk.page\/wp-content\/uploads\/2024\/03\/Aromafy-Marketing-Olfativo-Aromas-Profesionales-1-jpg.webp\u00bb background_position=\u00bbbottom_right\u00bb custom_padding=\u00bb50vh||50vh||true|false\u00bb custom_padding_tablet=\u00bb20vh||20vh||false|false\u00bb custom_padding_phone=\u00bb10vh||10vh||false|false\u00bb hover_enabled=\u00bb0&#8243; global_colors_info=\u00bb{}\u00bb sticky_enabled=\u00bb0&#8243;][\/et_pb_section][et_pb_section fb_built=\u00bb1&#8243; admin_label=\u00bbWorkshops Area\u00bb _builder_version=\u00bb4.24.2&#8243; background_color=\u00bb#ffffff\u00bb custom_margin=\u00bb100px||100px||false|false\u00bb custom_padding=\u00bb0px||0px||false|false\u00bb global_colors_info=\u00bb{}\u00bb][et_pb_row _builder_version=\u00bb4.24.2&#8243; custom_margin=\u00bb|auto||auto|false|false\u00bb custom_margin_tablet=\u00bb\u00bb custom_margin_phone=\u00bb-40px|auto||auto|false|false\u00bb custom_margin_last_edited=\u00bbon|phone\u00bb custom_padding=\u00bb0px||||false|false\u00bb locked=\u00bboff\u00bb global_colors_info=\u00bb{}\u00bb][et_pb_column type=\u00bb4_4&#8243; _builder_version=\u00bb4.16&#8243; custom_padding=\u00bb|||\u00bb global_colors_info=\u00bb{}\u00bb custom_padding__hover=\u00bb|||\u00bb][et_pb_text content_tablet=\u00bb<\/p>\n<h1><span>Aromafy: somos expertos en Marketing Olfativo.<\/span><\/h1>\n<h1>Mejoramos los ambientes a trav\u00e9s del aroma<\/h1>\n<p>\u00bb content_phone=\u00bb<\/p>\n<h1><span>Aromafy: somos expertos en Marketing Olfativo. <\/span>Mejoramos los ambientes a trav\u00e9s del aroma<\/h1>\n<p>\u00bb content_last_edited=\u00bbon|phone\u00bb disabled_on=\u00bboff|off|off\u00bb admin_label=\u00bbTitle\u00bb _builder_version=\u00bb4.24.2&#8243; text_font=\u00bbRoboto Mono|300||on|||||\u00bb text_text_color=\u00bb#565656&#8243; text_font_size=\u00bb33px\u00bb text_line_height=\u00bb1.2em\u00bb header_font=\u00bbRoboto Mono|300||on|||||\u00bb header_text_align=\u00bbcenter\u00bb header_text_color=\u00bb#565656&#8243; header_font_size=\u00bb33px\u00bb header_2_font=\u00bbRoboto Mono|300||on|||||\u00bb header_2_text_align=\u00bbcenter\u00bb header_2_text_color=\u00bb#565656&#8243; header_2_font_size=\u00bb33px\u00bb text_orientation=\u00bbcenter\u00bb custom_margin=\u00bb||0px|\u00bb animation_style=\u00bbfade\u00bb header_font_size_tablet=\u00bb33px\u00bb header_font_size_phone=\u00bb25px\u00bb header_font_size_last_edited=\u00bbon|phone\u00bb header_line_height_tablet=\u00bb\u00bb header_line_height_phone=\u00bb1.3em\u00bb header_line_height_last_edited=\u00bbon|phone\u00bb header_2_font_size_tablet=\u00bb\u00bb header_2_font_size_phone=\u00bb20px\u00bb header_2_font_size_last_edited=\u00bbon|phone\u00bb global_colors_info=\u00bb{}\u00bb]<\/p>\n<h1>equipos de difusi\u00f3n de aromas para empresas<\/h1>\n<p>[\/et_pb_text][et_pb_divider color=\u00bb#eee9e5&#8243; divider_position=\u00bbcenter\u00bb divider_weight=\u00bb3px\u00bb _builder_version=\u00bb4.24.2&#8243; max_width=\u00bb50px\u00bb module_alignment=\u00bbcenter\u00bb custom_margin=\u00bb2px||||false|false\u00bb animation_style=\u00bbfade\u00bb animation_direction=\u00bbtop\u00bb animation_starting_opacity=\u00bb100%\u00bb global_colors_info=\u00bb{}\u00bb][\/et_pb_divider][\/et_pb_column][\/et_pb_row][\/et_pb_section][et_pb_section fb_built=\u00bb1&#8243; admin_label=\u00bbAbout Section\u00bb _builder_version=\u00bb4.16&#8243; custom_margin=\u00bb-87px||-87px|||\u00bb custom_padding=\u00bb0px||0px|||\u00bb global_colors_info=\u00bb{}\u00bb][\/et_pb_section][et_pb_section fb_built=\u00bb1&#8243; _builder_version=\u00bb4.16&#8243; _module_preset=\u00bbdefault\u00bb min_height=\u00bb325px\u00bb custom_padding=\u00bb0px||0px|||\u00bb global_colors_info=\u00bb{}\u00bb][et_pb_row _builder_version=\u00bb4.16&#8243; _module_preset=\u00bbdefault\u00bb custom_margin=\u00bb-115px||||false|false\u00bb global_colors_info=\u00bb{}\u00bb][et_pb_column type=\u00bb4_4&#8243; _builder_version=\u00bb4.16&#8243; _module_preset=\u00bbdefault\u00bb global_colors_info=\u00bb{}\u00bb][et_pb_text _builder_version=\u00bb4.16&#8243; _module_preset=\u00bbdefault\u00bb text_font=\u00bbRoboto Mono|300|||||||\u00bb text_font_size=\u00bb15px\u00bb text_line_height=\u00bb2em\u00bb header_2_font=\u00bbRoboto Mono|300|||||||\u00bb header_2_text_align=\u00bbcenter\u00bb header_2_text_color=\u00bb#565656&#8243; header_2_font_size=\u00bb15px\u00bb header_2_line_height=\u00bb2em\u00bb custom_margin=\u00bb-10px|||||\u00bb animation_style=\u00bbfade\u00bb global_colors_info=\u00bb{}\u00bb]<\/p>\n<p style=\"text-align: justify;\">En Aromafy contamos con DUMBO, unos equipos de aromatizaci\u00f3n de \u00faltima generaci\u00f3n y de gran potencia, calidad y fiabilidad. En lugar de utilizar el m\u00e9todo de evaporaci\u00f3n menos eficaz y est\u00e1ndar de la industria, nuestros equipos de aromatizaci\u00f3n convierten el perfume en estado liquido a un estado\u00a0<em>nebulizado<\/em>, rompi\u00e9ndolo en micro-part\u00edculas que quedan flotando en el aire en forma de nube seca e invisible. As\u00ed es como conseguimos aromatizar hasta el \u00faltimo rinc\u00f3n de cada espacio con una fragancia sutil y ligera sin que sea abrumador ni molesto.<\/p>\n<p>&nbsp;<\/p>\n<p style=\"text-align: justify;\">Los elegantes y vers\u00e1tiles ambientadores profesionales de Aromafy, le permiten crear su ambiente perfecto con la adici\u00f3n de muchas caracter\u00edsticas innovadoras. Con la ayuda de estos difusores conectados directamente a su sistema de aire acondicionado o montados directamente en el suelo o en la pared, podr\u00e1 perfumar discretamente cualquier espacio, ya sea mediano o grande que vaya desde 30 m2 a 1.000 m2 con facilidad. La tecnolog\u00eda de nebulizaci\u00f3n de \u00faltima generaci\u00f3n combinada con una variedad de configuraciones programables y control remoto a trav\u00e9s de nuestra APP, le brinda el poder de crear un aroma limpio y constante tal como le gusta, en todo momento.<\/p>\n<p>[\/et_pb_text][\/et_pb_column][\/et_pb_row][et_pb_row _builder_version=\u00bb4.16&#8243; _module_preset=\u00bbdefault\u00bb global_colors_info=\u00bb{}\u00bb][et_pb_column type=\u00bb4_4&#8243; _builder_version=\u00bb4.16&#8243; _module_preset=\u00bbdefault\u00bb global_colors_info=\u00bb{}\u00bb][et_pb_text _builder_version=\u00bb4.16&#8243; _module_preset=\u00bbdefault\u00bb text_font=\u00bbRoboto Mono|300|||||||\u00bb global_colors_info=\u00bb{}\u00bb]<\/p>\n<h2 style=\"text-align: center;\">EQUIPOS DE AROMAS PARA NEGOCIOS<\/h2>\n<p>[\/et_pb_text][\/et_pb_column][\/et_pb_row][et_pb_row column_structure=\u00bb1_2,1_2&#8243; _builder_version=\u00bb4.16&#8243; _module_preset=\u00bbdefault\u00bb width=\u00bb90%\u00bb max_width=\u00bb1275px\u00bb module_alignment=\u00bbcenter\u00bb custom_padding=\u00bb0px|||||\u00bb global_colors_info=\u00bb{}\u00bb][et_pb_column type=\u00bb1_2&#8243; _builder_version=\u00bb4.16&#8243; _module_preset=\u00bbdefault\u00bb global_colors_info=\u00bb{}\u00bb][et_pb_image src=\u00bbhttps:\/\/cranky-neumann.212-227-159-6.plesk.page\/wp-content\/uploads\/2020\/09\/DUMBO-FLY-1.png\u00bb title_text=\u00bbDUMBO-FLY\u00bb align=\u00bbcenter\u00bb disabled_on=\u00bbon|off|off\u00bb _builder_version=\u00bb4.16&#8243; _module_preset=\u00bbdefault\u00bb background_enable_image=\u00bboff\u00bb width=\u00bb60%\u00bb max_width=\u00bb100%\u00bb module_alignment=\u00bbcenter\u00bb animation_style=\u00bbfade\u00bb global_colors_info=\u00bb{}\u00bb][\/et_pb_image][\/et_pb_column][et_pb_column type=\u00bb1_2&#8243; _builder_version=\u00bb4.16&#8243; _module_preset=\u00bbdefault\u00bb global_colors_info=\u00bb{}\u00bb][et_pb_image src=\u00bbhttps:\/\/cranky-neumann.212-227-159-6.plesk.page\/wp-content\/uploads\/2020\/10\/123-8-2.png\u00bb title_text=\u00bb123 (8) (2)\u00bb align=\u00bbcenter\u00bb disabled_on=\u00bbon|off|off\u00bb _builder_version=\u00bb4.16&#8243; _module_preset=\u00bbdefault\u00bb background_enable_image=\u00bboff\u00bb width=\u00bb100%\u00bb max_width=\u00bb100%\u00bb module_alignment=\u00bbcenter\u00bb animation_style=\u00bbfade\u00bb global_colors_info=\u00bb{}\u00bb][\/et_pb_image][\/et_pb_column][\/et_pb_row][et_pb_row column_structure=\u00bb1_2,1_2&#8243; _builder_version=\u00bb4.16&#8243; _module_preset=\u00bbdefault\u00bb width=\u00bb90%\u00bb max_width=\u00bb1275px\u00bb module_alignment=\u00bbcenter\u00bb custom_margin=\u00bb|auto|33px|auto||\u00bb custom_margin_tablet=\u00bb\u00bb custom_margin_phone=\u00bb-50px||||false|false\u00bb custom_margin_last_edited=\u00bbon|phone\u00bb animation_style=\u00bbfade\u00bb global_colors_info=\u00bb{}\u00bb][et_pb_column type=\u00bb1_2&#8243; _builder_version=\u00bb4.16&#8243; _module_preset=\u00bbdefault\u00bb global_colors_info=\u00bb{}\u00bb][et_pb_text admin_label=\u00bbTitle\u00bb _builder_version=\u00bb4.16&#8243; text_font=\u00bbRoboto Mono|300|||||||\u00bb header_font=\u00bb||||||||\u00bb header_2_font=\u00bbRoboto Mono|300||on|||||\u00bb header_2_text_align=\u00bbcenter\u00bb header_2_text_color=\u00bb#565656&#8243; header_2_font_size=\u00bb25px\u00bb custom_margin=\u00bb||0px|\u00bb custom_padding=\u00bb3px|||||\u00bb animation_style=\u00bbfade\u00bb header_2_font_size_tablet=\u00bb\u00bb header_2_font_size_phone=\u00bb20px\u00bb header_2_font_size_last_edited=\u00bbon|phone\u00bb global_colors_info=\u00bb{}\u00bb]<\/p>\n<h3 style=\"text-align: center;\">EQUIPOS PARA AIRE ACONDICIONADO<\/h3>\n<p>[\/et_pb_text][et_pb_divider color=\u00bb#eee9e5&#8243; divider_position=\u00bbcenter\u00bb divider_weight=\u00bb3px\u00bb _builder_version=\u00bb4.16&#8243; max_width=\u00bb50px\u00bb module_alignment=\u00bbcenter\u00bb custom_margin=\u00bb2px||||false|false\u00bb animation_style=\u00bbfade\u00bb animation_direction=\u00bbtop\u00bb animation_starting_opacity=\u00bb100%\u00bb global_colors_info=\u00bb{}\u00bb][\/et_pb_divider][et_pb_text _builder_version=\u00bb4.24.2&#8243; _module_preset=\u00bbdefault\u00bb text_font=\u00bb|300|||||||\u00bb text_line_height=\u00bb2em\u00bb text_orientation=\u00bbjustified\u00bb global_colors_info=\u00bb{}\u00bb]<\/p>\n<p>Los equipos para aire acondicionado son sistemas desarrollados espec\u00edficamente para la aromatizaci\u00f3n de espacios a trav\u00e9s de los conductos de ventilaci\u00f3n. Es la mejor soluci\u00f3n para aromatizar un espacio cuando se dispone de un sistema de ventilaci\u00f3n por conducto, ya que har\u00e1 que el perfume se reparta de la forma m\u00e1s homog\u00e9nea.<\/p>\n<p>[\/et_pb_text][\/et_pb_column][et_pb_column type=\u00bb1_2&#8243; _builder_version=\u00bb4.16&#8243; _module_preset=\u00bbdefault\u00bb global_colors_info=\u00bb{}\u00bb][et_pb_text admin_label=\u00bbTitle\u00bb _builder_version=\u00bb4.16&#8243; text_font=\u00bbRoboto Mono|300|||||||\u00bb header_font=\u00bb||||||||\u00bb header_2_font=\u00bbRoboto Mono|300||on|||||\u00bb header_2_text_align=\u00bbcenter\u00bb header_2_text_color=\u00bb#565656&#8243; header_2_font_size=\u00bb25px\u00bb custom_margin=\u00bb||0px|\u00bb custom_padding=\u00bb2px|||||\u00bb animation_style=\u00bbfade\u00bb header_2_font_size_tablet=\u00bb\u00bb header_2_font_size_phone=\u00bb20px\u00bb header_2_font_size_last_edited=\u00bbon|phone\u00bb global_colors_info=\u00bb{}\u00bb]<\/p>\n<h3 style=\"text-align: center;\">EQUIPOS DE DIFUSI\u00d3N DIRECTA<\/h3>\n<p>[\/et_pb_text][et_pb_divider color=\u00bb#eee9e5&#8243; divider_position=\u00bbcenter\u00bb divider_weight=\u00bb3px\u00bb _builder_version=\u00bb4.16&#8243; max_width=\u00bb50px\u00bb module_alignment=\u00bbcenter\u00bb custom_margin=\u00bb2px||||false|false\u00bb animation_style=\u00bbfade\u00bb animation_direction=\u00bbtop\u00bb animation_starting_opacity=\u00bb100%\u00bb global_colors_info=\u00bb{}\u00bb][\/et_pb_divider][et_pb_text _builder_version=\u00bb4.24.2&#8243; _module_preset=\u00bbdefault\u00bb text_font=\u00bb|300|||||||\u00bb text_line_height=\u00bb2em\u00bb text_orientation=\u00bbjustified\u00bb global_colors_info=\u00bb{}\u00bb]<\/p>\n<p>Los equipos de difusi\u00f3n directa son perfectos por su capacidad para adaptarse a cualquier espacio. Contamos con tres tama\u00f1os, dependiendo de las necesidades de cada cliente. Los equipos de difusi\u00f3n directa se pueden colgar en la pared, poner encima de un mueble o directamente en el suelo.<\/p>\n<p>[\/et_pb_text][\/et_pb_column][\/et_pb_row][et_pb_row _builder_version=\u00bb4.16&#8243; _module_preset=\u00bbdefault\u00bb width=\u00bb90%\u00bb max_width=\u00bb2560px\u00bb global_colors_info=\u00bb{}\u00bb][et_pb_column type=\u00bb4_4&#8243; _builder_version=\u00bb4.16&#8243; _module_preset=\u00bbdefault\u00bb global_colors_info=\u00bb{}\u00bb][et_pb_image src=\u00bbhttps:\/\/cranky-neumann.212-227-159-6.plesk.page\/wp-content\/uploads\/2020\/09\/2B8519E2-827A-4D66-ACCB-6875839724F6-scaled.jpg\u00bb title_text=\u00bbAromafy-Marketing-Olfativo_0006_7&#8243; _builder_version=\u00bb4.24.2&#8243; _module_preset=\u00bbdefault\u00bb background_image=\u00bbhttps:\/\/cranky-neumann.212-227-159-6.plesk.page\/wp-content\/uploads\/2024\/03\/Aromafy-Marketing-Olfativo_0006_7-jpg.webp\u00bb animation_style=\u00bbfade\u00bb global_colors_info=\u00bb{}\u00bb][\/et_pb_image][\/et_pb_column][\/et_pb_row][et_pb_row _builder_version=\u00bb4.16&#8243; custom_margin=\u00bb|||\u00bb locked=\u00bboff\u00bb global_colors_info=\u00bb{}\u00bb][et_pb_column type=\u00bb4_4&#8243; _builder_version=\u00bb4.16&#8243; custom_padding=\u00bb|||\u00bb global_colors_info=\u00bb{}\u00bb custom_padding__hover=\u00bb|||\u00bb][et_pb_text admin_label=\u00bbTitle\u00bb _builder_version=\u00bb4.16&#8243; text_font=\u00bbRoboto Mono|300|||||||\u00bb text_font_size=\u00bb37px\u00bb header_font=\u00bb||||||||\u00bb header_2_font=\u00bbRoboto Mono|300||on|||||\u00bb header_2_text_align=\u00bbcenter\u00bb header_2_text_color=\u00bb#565656&#8243; header_2_font_size=\u00bb33px\u00bb custom_margin=\u00bb||0px|\u00bb animation_style=\u00bbfade\u00bb header_2_font_size_tablet=\u00bb\u00bb header_2_font_size_phone=\u00bb20px\u00bb header_2_font_size_last_edited=\u00bbon|phone\u00bb global_colors_info=\u00bb{}\u00bb]<\/p>\n<h2 style=\"text-align: center;\">\u00bfPOR QUE AROMAFY?<\/h2>\n<p style=\"text-align: center;\">[\/et_pb_text][et_pb_divider color=\u00bb#eee9e5&#8243; divider_position=\u00bbcenter\u00bb divider_weight=\u00bb3px\u00bb _builder_version=\u00bb4.16&#8243; max_width=\u00bb50px\u00bb module_alignment=\u00bbcenter\u00bb min_height=\u00bb29px\u00bb custom_margin=\u00bb2px||||false|false\u00bb animation_style=\u00bbfade\u00bb animation_direction=\u00bbtop\u00bb animation_starting_opacity=\u00bb100%\u00bb global_colors_info=\u00bb{}\u00bb][\/et_pb_divider][\/et_pb_column][\/et_pb_row][et_pb_row column_structure=\u00bb1_3,1_3,1_3&#8243; _builder_version=\u00bb4.16&#8243; background_size=\u00bbinitial\u00bb background_position=\u00bbtop_left\u00bb background_repeat=\u00bbrepeat\u00bb width=\u00bb90%\u00bb max_width=\u00bb2560px\u00bb module_alignment=\u00bbcenter\u00bb min_height=\u00bb247px\u00bb custom_margin=\u00bb-50px|auto|26px|auto|false|false\u00bb custom_padding=\u00bb70px||40px|||\u00bb animation_style=\u00bbfade\u00bb global_colors_info=\u00bb{}\u00bb][et_pb_column type=\u00bb1_3&#8243; _builder_version=\u00bb4.16&#8243; custom_padding=\u00bb|||\u00bb global_colors_info=\u00bb{}\u00bb custom_padding__hover=\u00bb|||\u00bb][et_pb_blurb title=\u00bbM\u00c1QUINAS DE PRIMERA CALIDAD\u00bb image=\u00bbhttps:\/\/cranky-neumann.212-227-159-6.plesk.page\/wp-content\/uploads\/2020\/10\/ICONOS-AROMAFY-10-1.png\u00bb image_icon_width=\u00bb25%\u00bb _builder_version=\u00bb4.16&#8243; header_font=\u00bbRoboto Mono||||||||\u00bb header_text_align=\u00bbcenter\u00bb header_text_color=\u00bb#565656&#8243; header_font_size=\u00bb15px\u00bb header_line_height=\u00bb1.5em\u00bb body_font=\u00bbRoboto Mono|300|||||||\u00bb body_text_align=\u00bbjustify\u00bb body_line_height=\u00bb2em\u00bb background_size=\u00bbinitial\u00bb background_position=\u00bbtop_left\u00bb background_repeat=\u00bbrepeat\u00bb text_orientation=\u00bbcenter\u00bb animation_style=\u00bbfade\u00bb image_max_width=\u00bb25%\u00bb global_colors_info=\u00bb{}\u00bb]<\/p>\n<p style=\"text-align: justify;\"><span>Los equipos est\u00e1n conectados por control remoto a nuestra central, donde podemos controlar cualquier par\u00e1metro de la m\u00e1quina (horarios, cantidad de perfume disponible, etc.) Estos par\u00e1metros son totalmente personalizables para cada cliente.\u00a0<\/span><\/p>\n<p>[\/et_pb_blurb][\/et_pb_column][et_pb_column type=\u00bb1_3&#8243; _builder_version=\u00bb4.16&#8243; custom_padding=\u00bb|||\u00bb global_colors_info=\u00bb{}\u00bb custom_padding__hover=\u00bb|||\u00bb][et_pb_blurb title=\u00bbTECNOLOG\u00cdA DE DIFUSI\u00d3N EN L\u00cdNEA PLANA\u00bb image=\u00bbhttps:\/\/cranky-neumann.212-227-159-6.plesk.page\/wp-content\/uploads\/2020\/10\/ICONOS-AROMAFY-14.png\u00bb image_icon_width=\u00bb25%\u00bb _builder_version=\u00bb4.16&#8243; header_font=\u00bbRoboto Mono||||||||\u00bb header_text_align=\u00bbcenter\u00bb header_text_color=\u00bb#565656&#8243; header_font_size=\u00bb15px\u00bb header_line_height=\u00bb1.5em\u00bb body_font=\u00bbRoboto Mono|300|||||||\u00bb body_text_align=\u00bbjustify\u00bb body_line_height=\u00bb2em\u00bb background_size=\u00bbinitial\u00bb background_position=\u00bbtop_left\u00bb background_repeat=\u00bbrepeat\u00bb text_orientation=\u00bbcenter\u00bb animation_style=\u00bbfade\u00bb image_max_width=\u00bb25%\u00bb global_colors_info=\u00bb{}\u00bb]<\/p>\n<p style=\"text-align: justify;\"><span>La tecnolog\u00eda de difusi\u00f3n directa que aplican nuestros sistemas garantizan un nivel constante de aroma,\u00a0independientemente de la cantidad de fragancia que quede en el dep\u00f3sito, -(en comparaci\u00f3n con los sistemas de evaporaci\u00f3n o de difusi\u00f3n a base de gel).<\/span><\/p>\n<p>[\/et_pb_blurb][\/et_pb_column][et_pb_column type=\u00bb1_3&#8243; _builder_version=\u00bb4.16&#8243; custom_padding=\u00bb|||\u00bb global_colors_info=\u00bb{}\u00bb custom_padding__hover=\u00bb|||\u00bb][et_pb_blurb title=\u00bbM\u00c1QUINAS PARA CADA CLIENTE Y ESPACIO\u00bb image=\u00bbhttps:\/\/cranky-neumann.212-227-159-6.plesk.page\/wp-content\/uploads\/2020\/10\/ICONOS-AROMAFY-21.png\u00bb image_icon_width=\u00bb25%\u00bb _builder_version=\u00bb4.16&#8243; header_font=\u00bbRoboto Mono||||||||\u00bb header_text_align=\u00bbcenter\u00bb header_text_color=\u00bb#565656&#8243; header_font_size=\u00bb15px\u00bb header_line_height=\u00bb1.5em\u00bb body_font=\u00bbRoboto Mono|300|||||||\u00bb body_line_height=\u00bb2em\u00bb background_size=\u00bbinitial\u00bb background_position=\u00bbtop_left\u00bb background_repeat=\u00bbrepeat\u00bb text_orientation=\u00bbcenter\u00bb animation_style=\u00bbfade\u00bb image_max_width=\u00bb25%\u00bb global_colors_info=\u00bb{}\u00bb]<\/p>\n<p style=\"text-align: justify;\"><span>En Aromafy tenemos claro que cada cliente y cada espacio tiene una necesidad distinta. Por este motivo, contamos con cuatro m\u00e1quinas de nebulizaci\u00f3n diferentes que se ajustan a las necesidades de cada cliente y de cada espacio.<\/span><\/p>\n<p>[\/et_pb_blurb][\/et_pb_column][\/et_pb_row][\/et_pb_section][et_pb_section fb_built=\u00bb1&#8243; _builder_version=\u00bb4.16&#8243; _module_preset=\u00bbdefault\u00bb global_colors_info=\u00bb{}\u00bb][et_pb_row _builder_version=\u00bb4.16&#8243; _module_preset=\u00bbdefault\u00bb global_colors_info=\u00bb{}\u00bb][et_pb_column type=\u00bb4_4&#8243; _builder_version=\u00bb4.16&#8243; _module_preset=\u00bbdefault\u00bb global_colors_info=\u00bb{}\u00bb][et_pb_divider color=\u00bb#eee9e5&#8243; divider_position=\u00bbcenter\u00bb divider_weight=\u00bb3px\u00bb _builder_version=\u00bb4.16&#8243; max_width=\u00bb50px\u00bb module_alignment=\u00bbcenter\u00bb min_height=\u00bb29px\u00bb custom_margin=\u00bb2px||||false|false\u00bb animation_style=\u00bbfade\u00bb animation_direction=\u00bbtop\u00bb animation_starting_opacity=\u00bb100%\u00bb global_colors_info=\u00bb{}\u00bb][\/et_pb_divider][et_pb_text _builder_version=\u00bb4.16&#8243; _module_preset=\u00bbdefault\u00bb text_font=\u00bbRoboto Mono|300|||||||\u00bb text_font_size=\u00bb15px\u00bb text_line_height=\u00bb2em\u00bb global_colors_info=\u00bb{}\u00bb]<\/p>\n<p class=\"text\" style=\"text-align: justify;\"><span>Como has podido observar, contamos con soluciones \u00fanicas y a medida para cada espacio, necesidad y cliente. Con nuestras soluciones de aromatizaci\u00f3n podr\u00e1s atraer a tus clientes a tu negocio, ofrecerles un agradable \u201cefecto bienvenida\u201d y proporcionarles experiencias sensoriales diferentes que aumentar\u00e1n su bienestar y fomentar\u00e1n consecuentemente el consumo.<o:p><\/o:p><\/span><\/p>\n<p class=\"text\" style=\"text-align: justify;\"><span><\/span><\/p>\n<p class=\"text\" style=\"text-align: justify;\"><span>Empresas de retail, hoteles, restaurantes asi como cualquier otro sector, est\u00e1n empezando a descubrir el mundo del marketing olfativo. La intenci\u00f3n es que las fragancias hechas a medida (logo olfativo u odotipo), cuando se implementan de forma correcta, animen a los clientes a quedarse m\u00e1s tiempo, gastar m\u00e1s y convertirse en seguidores de la marca. Los efectos han sido tan positivos que cada vez m\u00e1s empresas est\u00e1n comenzando a considerar el aroma como una parte fundamental de su imagen corporativa, rivalizando con estrategias de marketing m\u00e1s cl\u00e1sicas, como el uso de m\u00fasica, visual merchandasing o decoraci\u00f3n.<o:p><\/o:p><\/span><\/p>\n<p class=\"text\" style=\"text-align: justify;\"><span>Con su capacidad \u00fanica de evocar instant\u00e1neamente recuerdos poderosos y emociones, el marketing olfativo es una herramienta necesaria y f\u00e1cilmente aplicable a cualquier sector. Por este motivo, es fundamental contar con unos equipos de difusi\u00f3n de aromas que garanticen una correcta aromatizaci\u00f3n del espacio y sin fallos a largo plazo. <o:p><\/o:p><\/span><\/p>\n<p>&nbsp;<\/p>\n<p>[\/et_pb_text][\/et_pb_column][\/et_pb_row][\/et_pb_section][et_pb_section fb_built=\u00bb1&#8243; _builder_version=\u00bb4.16&#8243; _module_preset=\u00bbdefault\u00bb background_color=\u00bb#eee9e5&#8243; custom_margin=\u00bb60px|||||\u00bb global_colors_info=\u00bb{}\u00bb][et_pb_row _builder_version=\u00bb4.16&#8243; _module_preset=\u00bbdefault\u00bb global_colors_info=\u00bb{}\u00bb][et_pb_column type=\u00bb4_4&#8243; _builder_version=\u00bb4.16&#8243; _module_preset=\u00bbdefault\u00bb global_colors_info=\u00bb{}\u00bb][et_pb_button button_url=\u00bbhttps:\/\/cranky-neumann.212-227-159-6.plesk.page\/contacto\u00bb button_text=\u00bb\u00bfQUIERES M\u00c1S INFORMACI\u00d3N SOBRE NUESTROS EQUIPOS DE AROMATIZACI\u00d3N?\u00bb button_alignment=\u00bbcenter\u00bb _builder_version=\u00bb4.16&#8243; _module_preset=\u00bbdefault\u00bb custom_button=\u00bbon\u00bb button_text_size=\u00bb25px\u00bb button_text_color=\u00bb#000000&#8243; button_font=\u00bbRoboto Mono|300|||||||\u00bb button_text_size_tablet=\u00bb\u00bb button_text_size_phone=\u00bb20px\u00bb button_text_size_last_edited=\u00bbon|phone\u00bb global_colors_info=\u00bb{}\u00bb][\/et_pb_button][\/et_pb_column][\/et_pb_row][\/et_pb_section]<\/p>\n","protected":false},"excerpt":{"rendered":"<p>equipos de difusi\u00f3n de aromas para empresasEn Aromafy contamos con DUMBO, unos equipos de aromatizaci\u00f3n de \u00faltima generaci\u00f3n y de gran potencia, calidad y fiabilidad. En lugar de utilizar el m\u00e9todo de evaporaci\u00f3n menos eficaz y est\u00e1ndar de la industria, nuestros equipos de aromatizaci\u00f3n convierten el perfume en estado liquido a un estado\u00a0nebulizado, rompi\u00e9ndolo en [&hellip;]<\/p>\n","protected":false},"author":6,"featured_media":0,"parent":494,"menu_order":2,"comment_status":"closed","ping_status":"closed","template":"","meta":{"_et_pb_use_builder":"on","_et_pb_old_content":"","_et_gb_content_width":"","footnotes":""},"class_list":["post-510","page","type-page","status-publish","hentry"],"_links":{"self":[{"href":"https:\/\/aromafy.es\/index.php?rest_route=\/wp\/v2\/pages\/510","targetHints":{"allow":["GET"]}}],"collection":[{"href":"https:\/\/aromafy.es\/index.php?rest_route=\/wp\/v2\/pages"}],"about":[{"href":"https:\/\/aromafy.es\/index.php?rest_route=\/wp\/v2\/types\/page"}],"author":[{"embeddable":true,"href":"https:\/\/aromafy.es\/index.php?rest_route=\/wp\/v2\/users\/6"}],"replies":[{"embeddable":true,"href":"https:\/\/aromafy.es\/index.php?rest_route=%2Fwp%2Fv2%2Fcomments&post=510"}],"version-history":[{"count":52,"href":"https:\/\/aromafy.es\/index.php?rest_route=\/wp\/v2\/pages\/510\/revisions"}],"predecessor-version":[{"id":2816,"href":"https:\/\/aromafy.es\/index.php?rest_route=\/wp\/v2\/pages\/510\/revisions\/2816"}],"up":[{"embeddable":true,"href":"https:\/\/aromafy.es\/index.php?rest_route=\/wp\/v2\/pages\/494"}],"wp:attachment":[{"href":"https:\/\/aromafy.es\/index.php?rest_route=%2Fwp%2Fv2%2Fmedia&parent=510"}],"curies":[{"name":"wp","href":"https:\/\/api.w.org\/{rel}","templated":true}]}}